{"id":9,"date":"2018-10-03T17:31:28","date_gmt":"2018-10-03T17:31:28","guid":{"rendered":"https:\/\/leuthe.ch\/?page_id=9"},"modified":"2023-09-28T20:49:06","modified_gmt":"2023-09-28T20:49:06","slug":"startseite","status":"publish","type":"page","link":"https:\/\/www.leuthe.ch\/","title":{"rendered":"Ingenieurb\u00fcro Leuthe"},"content":{"rendered":"<p>Das Ingenieurb\u00fcro Leuthe ist eine anerkannte Radonmessstelle des Bundesamts f\u00fcr Gesundheit BAG.<\/p>\n<p>Die Strahlenschutzverordnung vom 1. Januar 2018 soll die Bev\u00f6lkerung in der Schweiz besser vor radioaktivem Radon sch\u00fctzen. Mit der Erkenntnis, dass Radon in Geb\u00e4uden mehr als die H\u00e4lfte (55%) der mittleren pers\u00f6nlichen Strahlenbelastung verursacht, wurde der Richtwert f\u00fcr die Radonkonzentration gesenkt. Nach dem Rauchen ist Radon die zweith\u00e4ufigste Ursache f\u00fcr Lungenkrebs.<\/p>\n<p>Nur eine Messung kann Auskunft \u00fcber die Radonbelastung in einem Raum geben. Bei erh\u00f6hten Konzentrationen k\u00f6nnen Gegenmassnahmen ergriffen werden.<\/p>\n<p>Wir beraten Sie gerne in Fragen zur Messung der Radonbelastung in privaten Liegenschaften, \u00f6ffentlichen Geb\u00e4uden (z.B. Schulen, Kinderg\u00e4rten, Kitas) oder an Arbeitspl\u00e4tzen.<\/p>\n<p>Wahrscheinlichkeit [%] f\u00fcr die \u00dcberschreitung der Radonkonzentration von 300 Bq\/m<sup>3<\/sup> in Geb\u00e4uden:<\/p>\n<p><img decoding=\"async\" title=\"carte_radon_haute_qualit\u00e9\" src=\"https:\/\/www.leuthe.ch\/wp-content\/uploads\/2018\/11\/carte_radon_haute_qualit\u00e9.png\" alt=\"Radonkarte Schweiz\" \/><\/p>\n","protected":false},"excerpt":{"rendered":"<p>Das Ingenieurb\u00fcro Leuthe ist eine anerkannte Radonmessstelle des Bundesamts f\u00fcr Gesundheit BAG. Die Strahlenschutzverordnung vom 1. Januar 2018 soll die Bev\u00f6lkerung in der Schweiz besser vor radioaktivem Radon sch\u00fctzen. Mit der Erkenntnis, dass Radon in Geb\u00e4uden mehr als die H\u00e4lfte (55%) der mittleren pers\u00f6nlichen Strahlenbelastung verursacht, wurde der Richtwert f\u00fcr die Radonkonzentration gesenkt. Nach dem [&hellip;]<\/p>\n","protected":false},"author":1,"featured_media":0,"parent":0,"menu_order":0,"comment_status":"closed","ping_status":"closed","template":"","meta":{"ocean_post_layout":"","ocean_both_sidebars_style":"","ocean_both_sidebars_content_width":0,"ocean_both_sidebars_sidebars_width":0,"ocean_sidebar":"0","ocean_second_sidebar":"0","ocean_disable_margins":"enable","ocean_add_body_class":"","ocean_shortcode_before_top_bar":"","ocean_shortcode_after_top_bar":"","ocean_shortcode_before_header":"","ocean_shortcode_after_header":"","ocean_has_shortcode":"","ocean_shortcode_after_title":"","ocean_shortcode_before_footer_widgets":"","ocean_shortcode_after_footer_widgets":"","ocean_shortcode_before_footer_bottom":"","ocean_shortcode_after_footer_bottom":"","ocean_display_top_bar":"on","ocean_display_header":"on","ocean_header_style":"","ocean_center_header_left_menu":"0","ocean_custom_header_template":"0","ocean_custom_logo":0,"ocean_custom_retina_logo":0,"ocean_custom_logo_max_width":0,"ocean_custom_logo_tablet_max_width":0,"ocean_custom_logo_mobile_max_width":0,"ocean_custom_logo_max_height":0,"ocean_custom_logo_tablet_max_height":0,"ocean_custom_logo_mobile_max_height":0,"ocean_header_custom_menu":"0","ocean_menu_typo_font_family":"0","ocean_menu_typo_font_subset":"","ocean_menu_typo_font_size":0,"ocean_menu_typo_font_size_tablet":0,"ocean_menu_typo_font_size_mobile":0,"ocean_menu_typo_font_size_unit":"px","ocean_menu_typo_font_weight":"","ocean_menu_typo_font_weight_tablet":"","ocean_menu_typo_font_weight_mobile":"","ocean_menu_typo_transform":"","ocean_menu_typo_transform_tablet":"","ocean_menu_typo_transform_mobile":"","ocean_menu_typo_line_height":0,"ocean_menu_typo_line_height_tablet":0,"ocean_menu_typo_line_height_mobile":0,"ocean_menu_typo_line_height_unit":"","ocean_menu_typo_spacing":0,"ocean_menu_typo_spacing_tablet":0,"ocean_menu_typo_spacing_mobile":0,"ocean_menu_typo_spacing_unit":"","ocean_menu_link_color":"","ocean_menu_link_color_hover":"","ocean_menu_link_color_active":"","ocean_menu_link_background":"","ocean_menu_link_hover_background":"","ocean_menu_link_active_background":"","ocean_menu_social_links_bg":"","ocean_menu_social_hover_links_bg":"","ocean_menu_social_links_color":"","ocean_menu_social_hover_links_color":"","ocean_disable_title":"enable","ocean_disable_heading":"enable","ocean_post_title":"","ocean_post_subheading":"","ocean_post_title_style":"","ocean_post_title_background_color":"","ocean_post_title_background":0,"ocean_post_title_bg_image_position":"","ocean_post_title_bg_image_attachment":"","ocean_post_title_bg_image_repeat":"","ocean_post_title_bg_image_size":"","ocean_post_title_height":0,"ocean_post_title_bg_overlay":0.5,"ocean_post_title_bg_overlay_color":"","ocean_disable_breadcrumbs":"default","ocean_breadcrumbs_color":"","ocean_breadcrumbs_separator_color":"","ocean_breadcrumbs_links_color":"","ocean_breadcrumbs_links_hover_color":"","ocean_display_footer_widgets":"on","ocean_display_footer_bottom":"on","ocean_custom_footer_template":"0","footnotes":""},"class_list":["post-9","page","type-page","status-publish","hentry","entry"],"_links":{"self":[{"href":"https:\/\/www.leuthe.ch\/index.php?rest_route=\/wp\/v2\/pages\/9","targetHints":{"allow":["GET"]}}],"collection":[{"href":"https:\/\/www.leuthe.ch\/index.php?rest_route=\/wp\/v2\/pages"}],"about":[{"href":"https:\/\/www.leuthe.ch\/index.php?rest_route=\/wp\/v2\/types\/page"}],"author":[{"embeddable":true,"href":"https:\/\/www.leuthe.ch\/index.php?rest_route=\/wp\/v2\/users\/1"}],"replies":[{"embeddable":true,"href":"https:\/\/www.leuthe.ch\/index.php?rest_route=%2Fwp%2Fv2%2Fcomments&post=9"}],"version-history":[{"count":35,"href":"https:\/\/www.leuthe.ch\/index.php?rest_route=\/wp\/v2\/pages\/9\/revisions"}],"predecessor-version":[{"id":664,"href":"https:\/\/www.leuthe.ch\/index.php?rest_route=\/wp\/v2\/pages\/9\/revisions\/664"}],"wp:attachment":[{"href":"https:\/\/www.leuthe.ch\/index.php?rest_route=%2Fwp%2Fv2%2Fmedia&parent=9"}],"curies":[{"name":"wp","href":"https:\/\/api.w.org\/{rel}","templated":true}]}}