{"id":86,"date":"2018-10-17T19:37:40","date_gmt":"2018-10-17T19:37:40","guid":{"rendered":"https:\/\/leuthe.ch\/?page_id=86"},"modified":"2018-12-10T20:40:42","modified_gmt":"2018-12-10T20:40:42","slug":"datenschutz","status":"publish","type":"page","link":"https:\/\/www.leuthe.ch\/?page_id=86","title":{"rendered":"Datenschutz"},"content":{"rendered":"\t\t<div data-elementor-type=\"wp-post\" data-elementor-id=\"86\" class=\"elementor elementor-86 elementor-bc-flex-widget\">\n\t\t\t\t\t\t<section class=\"elementor-section elementor-top-section elementor-element elementor-element-6238ee6a elementor-section-boxed elementor-section-height-default elementor-section-height-default\" data-id=\"6238ee6a\" data-element_type=\"section\">\n\t\t\t\t\t\t<div class=\"elementor-container elementor-column-gap-default\">\n\t\t\t\t\t<div class=\"elementor-column elementor-col-100 elementor-top-column elementor-element elementor-element-410d12aa\" data-id=\"410d12aa\" data-element_type=\"column\">\n\t\t\t<div class=\"elementor-widget-wrap elementor-element-populated\">\n\t\t\t\t\t\t<div class=\"elementor-element elementor-element-19dc44bc elementor-widget elementor-widget-text-editor\" data-id=\"19dc44bc\" data-element_type=\"widget\" data-widget_type=\"text-editor.default\">\n\t\t\t\t<div class=\"elementor-widget-container\">\n\t\t\t\t\t\t\t\t\t<p>Folgende Datenschutzerkl\u00e4rung ist Bestandteil des Internetauftritts von:<br \/>Ingenieurb\u00fcro Leuthe<br \/>Bettina Leuthe<br \/>Via Salens 29<br \/>7402 Bonaduz<\/p><p>im Folgenden Seiteninhaber genannt.<\/p><p>Allgemeine Hinweise<br \/>Die Nutzung der Webseite leuthe.ch ist ohne Angabe personenbezogener Daten m\u00f6glich. Werden personenbezogene Daten wie z.B. Emailadressen, Namen, Anschriften angegeben, erfolgt dies stets auf freiwilliger Basis. Der Seiteninhaber nimmt den Schutz Ihrer pers\u00f6nlichen Daten sehr ernst und h\u00e4lt sich strikt an die Regeln der Datenschutzgesetze. Personenbezogene Daten werden in keinem Fall ohne Ihre ausdr\u00fcckliche Zustimmung an Dritte weitergegeben.<\/p><p>Zugriffsdaten<br \/>Der Seiteninhaber bzw. der Seitenprovider erhebt und speichert in den Server-Logfiles Informationen, die Ihr Browser \u00fcbermittelt. Dies sind:<br \/>&#8211; Browsertyp und -version<br \/>&#8211; Betriebssystem<br \/>&#8211; Referrer URL (Verweis auf die zuvor besuchte Seite)<br \/>&#8211; IP-Adresse<br \/>&#8211; Uhrzeit der Serveranfrage<\/p><p>Diese Daten sind f\u00fcr den Seiteninhaber nicht bestimmten Personen zuordenbar. Eine Zusammenf\u00fchrung dieser Daten mit anderen Datenquellen wird nicht vorgenommen. Die Speicherung der Server-Logfiles erfolgt aus Sicherheitsgr\u00fcnden f\u00fcr einen vorgeschriebenen Zeitraum und werden dann gel\u00f6scht.<\/p><p>Google Analytics<br \/>Diese Website nutzt benutzt Google Analytics, einen Webanalysedienst der Google Inc. (&#171;Google&#187;). Google Analytics verwendet \u201eCookies\u201c \u2013 Textdateien, die auf Ihrem Endger\u00e4t gespeichert werden. Die durch die Cookies gesammelten Informationen werden im Regelfall an einen Google-Server in den USA gesandt und dort gespeichert.<\/p><p>Google LLC h\u00e4lt das europ\u00e4ische Datenschutzrecht ein und ist unter dem Privacy-Shield-Abkommen zertifiziert:<\/p><p><a href=\"https:\/\/www.privacyshield.gov\/participant?id=a2zt000000001L5AAI&amp;status=Active\" target=\"_blank\" rel=\"noopener\">https:\/\/www.privacyshield.gov\/participant?id=a2zt000000001L5AAI&amp;status=Active<\/a><\/p><p>Auf dieser Website greift die IP-Anonymisierung. Die IP-Adresse der Nutzer wird innerhalb der Mitgliedsstaaten der EU und des Europ\u00e4ischen Wirtschaftsraum und in den anderen Vertragsstaaten des Abkommens gek\u00fcrzt. Nur in Einzelf\u00e4llen wird die IP-Adresse zun\u00e4chst ungek\u00fcrzt in die USA an einen Server von Google \u00fcbertragen und dort gek\u00fcrzt. Durch diese K\u00fcrzung entf\u00e4llt der Personenbezug Ihrer IP-Adresse. Die vom Browser \u00fcbermittelte IP-Adresse des Nutzers wird nicht mit anderen von Google gespeicherten Daten kombiniert.<\/p><p>Im Rahmen der Vereinbarung zur Auftragsdatenvereinbarung, erstellt diese mithilfe der gesammelten Informationen eine Auswertung der Webseitennutzung und der Webseitenaktivit\u00e4t und erbringt mit der Internetnutzung verbundene Dienstleistungen.<\/p><p>Die von Google erhobenen Daten werden genutzt, um die Nutzung unseres Online-Angebots durch die einzelnen Nutzer auswerten und verbessern zu k\u00f6nnen.<\/p><p>Sie haben die M\u00f6glichkeit, die Speicherung der Cookies auf Ihrem Ger\u00e4t zu verhindern, indem Sie in Ihrem Browser entsprechende Einstellungen vornehmen. Es ist nicht gew\u00e4hrleistet, dass Sie auf alle Funktionen dieser Website ohne Einschr\u00e4nkungen zugreifen k\u00f6nnen, wenn Ihr Browser keine Cookies zul\u00e4sst.<\/p><p>Weiterhin k\u00f6nnen Sie durch ein Browser-Plugin verhindern, dass die durch Cookies gesammelten Informationen (inklusive Ihrer IP-Adresse) an die Google Inc. gesendet und von der Google Inc. genutzt werden. Folgender Link f\u00fchrt Sie zu dem entsprechenden Plugin:<\/p><p><a href=\"https:\/\/tools.google.com\/dlpage\/gaoptout?hl=de\" target=\"_blank\" rel=\"noopener\">https:\/\/tools.google.com\/dlpage\/gaoptout?hl=de<\/a><\/p><p>Alternativ verhindern Sie mit einem Klick auf diesen Link (WICHTIG: Opt-Out-Link einf\u00fcgen), dass Google Analytics innerhalb dieser Website Daten \u00fcber Sie erfasst. Mit dem Klick auf obigen Link laden Sie ein \u201eOpt-Out-Cookie\u201c herunter. Ihr Browser muss die Speicherung von Cookies also hierzu grunds\u00e4tzlich erlauben. L\u00f6schen Sie Ihre Cookies regelm\u00e4ssig, ist ein erneuter Klick auf den Link bei jedem Besuch dieser Webseite vonn\u00f6ten.<\/p><p>Hier finden Sie weitere Informationen zur Datennutzung durch die Google Inc.:<\/p><p>\u2022 <a href=\"https:\/\/policies.google.com\/privacy\/partners?hl=de\" target=\"_blank\" rel=\"noopener\">https:\/\/policies.google.com\/privacy\/partners?hl=de<\/a> (Daten, die von Google-Partnern erhoben werden)<br \/>\u2022 <a href=\"https:\/\/adssettings.google.de\/authenticated\" target=\"_blank\" rel=\"noopener\">https:\/\/adssettings.google.de\/authenticated<\/a> (Einstellungen \u00fcber Werbung, die Ihnen angezeigt wird)<br \/>\u2022 <a href=\"https:\/\/policies.google.com\/technologies\/ads?hl=de\" target=\"_blank\" rel=\"noopener\">https:\/\/policies.google.com\/technologies\/ads?hl=de<\/a> (Verwendung von Cookies in Anzeigen)<\/p><p>Umgang mit Kontaktdaten<br \/>Die von Ihnen dem Seiteninhaber zur Verf\u00fcgung gestellten Kontaktdaten werden zur Bearbeitung Ihrer Anfrage gespeichert. Ohne Ihre Einwilligung werden diese Daten nicht an Dritte weitergegeben.<\/p><p>Auskunftsrecht<br \/>Sie haben als Nutzer das Recht, auf Antrag eine Auskunft zu erhalten, welche personenbezogenen Daten \u00fcber Sie gespeichert wurden. Weiterhin haben Sie das Recht auf Korrektur falscher Daten, Verarbeitungseinschr\u00e4nkungen oder L\u00f6schung. Bei weitergehenden Fragen k\u00f6nnen Sie sich jederzeit an den Seiteninhaber wenden.<\/p>\t\t\t\t\t\t\t\t<\/div>\n\t\t\t\t<\/div>\n\t\t\t\t\t<\/div>\n\t\t<\/div>\n\t\t\t\t\t<\/div>\n\t\t<\/section>\n\t\t\t\t<\/div>\n\t\t","protected":false},"excerpt":{"rendered":"<p>Folgende Datenschutzerkl\u00e4rung ist Bestandteil des Internetauftritts von:Ingenieurb\u00fcro LeutheBettina LeutheVia Salens 297402 Bonaduz im Folgenden Seiteninhaber genannt. Allgemeine HinweiseDie Nutzung der Webseite leuthe.ch ist ohne Angabe personenbezogener Daten m\u00f6glich. Werden personenbezogene Daten wie z.B. Emailadressen, Namen, Anschriften angegeben, erfolgt dies stets auf freiwilliger Basis. Der Seiteninhaber nimmt den Schutz Ihrer pers\u00f6nlichen Daten sehr ernst und h\u00e4lt [&hellip;]<\/p>\n","protected":false},"author":1,"featured_media":0,"parent":0,"menu_order":0,"comment_status":"closed","ping_status":"closed","template":"","meta":{"ocean_post_layout":"","ocean_both_sidebars_style":"","ocean_both_sidebars_content_width":0,"ocean_both_sidebars_sidebars_width":0,"ocean_sidebar":"0","ocean_second_sidebar":"0","ocean_disable_margins":"enable","ocean_add_body_class":"","ocean_shortcode_before_top_bar":"","ocean_shortcode_after_top_bar":"","ocean_shortcode_before_header":"","ocean_shortcode_after_header":"","ocean_has_shortcode":"","ocean_shortcode_after_title":"","ocean_shortcode_before_footer_widgets":"","ocean_shortcode_after_footer_widgets":"","ocean_shortcode_before_footer_bottom":"","ocean_shortcode_after_footer_bottom":"","ocean_display_top_bar":"on","ocean_display_header":"on","ocean_header_style":"","ocean_center_header_left_menu":"0","ocean_custom_header_template":"0","ocean_custom_logo":0,"ocean_custom_retina_logo":0,"ocean_custom_logo_max_width":0,"ocean_custom_logo_tablet_max_width":0,"ocean_custom_logo_mobile_max_width":0,"ocean_custom_logo_max_height":0,"ocean_custom_logo_tablet_max_height":0,"ocean_custom_logo_mobile_max_height":0,"ocean_header_custom_menu":"0","ocean_menu_typo_font_family":"0","ocean_menu_typo_font_subset":"","ocean_menu_typo_font_size":0,"ocean_menu_typo_font_size_tablet":0,"ocean_menu_typo_font_size_mobile":0,"ocean_menu_typo_font_size_unit":"px","ocean_menu_typo_font_weight":"","ocean_menu_typo_font_weight_tablet":"","ocean_menu_typo_font_weight_mobile":"","ocean_menu_typo_transform":"","ocean_menu_typo_transform_tablet":"","ocean_menu_typo_transform_mobile":"","ocean_menu_typo_line_height":0,"ocean_menu_typo_line_height_tablet":0,"ocean_menu_typo_line_height_mobile":0,"ocean_menu_typo_line_height_unit":"","ocean_menu_typo_spacing":0,"ocean_menu_typo_spacing_tablet":0,"ocean_menu_typo_spacing_mobile":0,"ocean_menu_typo_spacing_unit":"","ocean_menu_link_color":"","ocean_menu_link_color_hover":"","ocean_menu_link_color_active":"","ocean_menu_link_background":"","ocean_menu_link_hover_background":"","ocean_menu_link_active_background":"","ocean_menu_social_links_bg":"","ocean_menu_social_hover_links_bg":"","ocean_menu_social_links_color":"","ocean_menu_social_hover_links_color":"","ocean_disable_title":"default","ocean_disable_heading":"default","ocean_post_title":"","ocean_post_subheading":"","ocean_post_title_style":"","ocean_post_title_background_color":"","ocean_post_title_background":0,"ocean_post_title_bg_image_position":"","ocean_post_title_bg_image_attachment":"","ocean_post_title_bg_image_repeat":"","ocean_post_title_bg_image_size":"","ocean_post_title_height":0,"ocean_post_title_bg_overlay":0.5,"ocean_post_title_bg_overlay_color":"","ocean_disable_breadcrumbs":"default","ocean_breadcrumbs_color":"","ocean_breadcrumbs_separator_color":"","ocean_breadcrumbs_links_color":"","ocean_breadcrumbs_links_hover_color":"","ocean_display_footer_widgets":"default","ocean_display_footer_bottom":"default","ocean_custom_footer_template":"0","footnotes":""},"class_list":["post-86","page","type-page","status-publish","hentry","entry"],"_links":{"self":[{"href":"https:\/\/www.leuthe.ch\/index.php?rest_route=\/wp\/v2\/pages\/86","targetHints":{"allow":["GET"]}}],"collection":[{"href":"https:\/\/www.leuthe.ch\/index.php?rest_route=\/wp\/v2\/pages"}],"about":[{"href":"https:\/\/www.leuthe.ch\/index.php?rest_route=\/wp\/v2\/types\/page"}],"author":[{"embeddable":true,"href":"https:\/\/www.leuthe.ch\/index.php?rest_route=\/wp\/v2\/users\/1"}],"replies":[{"embeddable":true,"href":"https:\/\/www.leuthe.ch\/index.php?rest_route=%2Fwp%2Fv2%2Fcomments&post=86"}],"version-history":[{"count":10,"href":"https:\/\/www.leuthe.ch\/index.php?rest_route=\/wp\/v2\/pages\/86\/revisions"}],"predecessor-version":[{"id":426,"href":"https:\/\/www.leuthe.ch\/index.php?rest_route=\/wp\/v2\/pages\/86\/revisions\/426"}],"wp:attachment":[{"href":"https:\/\/www.leuthe.ch\/index.php?rest_route=%2Fwp%2Fv2%2Fmedia&parent=86"}],"curies":[{"name":"wp","href":"https:\/\/api.w.org\/{rel}","templated":true}]}}