{"id":488,"date":"2019-09-17T21:45:26","date_gmt":"2019-09-17T21:45:26","guid":{"rendered":"https:\/\/www.leuthe.ch\/?page_id=488"},"modified":"2022-11-01T17:30:12","modified_gmt":"2022-11-01T17:30:12","slug":"messgeraete","status":"publish","type":"page","link":"https:\/\/www.leuthe.ch\/?page_id=488","title":{"rendered":"Messger\u00e4te"},"content":{"rendered":"\t\t<div data-elementor-type=\"wp-page\" data-elementor-id=\"488\" class=\"elementor elementor-488\">\n\t\t\t\t\t\t<section class=\"elementor-section elementor-top-section elementor-element elementor-element-9d16ae2 elementor-section-boxed elementor-section-height-default elementor-section-height-default\" data-id=\"9d16ae2\" data-element_type=\"section\">\n\t\t\t\t\t\t<div class=\"elementor-container elementor-column-gap-default\">\n\t\t\t\t\t<div class=\"elementor-column elementor-col-100 elementor-top-column elementor-element elementor-element-7850d70\" data-id=\"7850d70\" data-element_type=\"column\">\n\t\t\t<div class=\"elementor-widget-wrap elementor-element-populated\">\n\t\t\t\t\t\t<section class=\"elementor-section elementor-inner-section elementor-element elementor-element-8c284c0 elementor-section-boxed elementor-section-height-default elementor-section-height-default\" data-id=\"8c284c0\" data-element_type=\"section\">\n\t\t\t\t\t\t<div class=\"elementor-container elementor-column-gap-default\">\n\t\t\t\t\t<div class=\"elementor-column elementor-col-50 elementor-inner-column elementor-element elementor-element-e595094\" data-id=\"e595094\" data-element_type=\"column\">\n\t\t\t<div class=\"elementor-widget-wrap elementor-element-populated\">\n\t\t\t\t\t\t<div class=\"elementor-element elementor-element-1dcc2b9 elementor-widget elementor-widget-text-editor\" data-id=\"1dcc2b9\" data-element_type=\"widget\" data-widget_type=\"text-editor.default\">\n\t\t\t\t<div class=\"elementor-widget-container\">\n\t\t\t\t\t\t\t\t\t<p><strong>Radtrak3 <\/strong><\/p><p>Das Kernspurdosimeter Radtrak3 eignet sich sowohl f\u00fcr anerkannte Messungen \u00fcber mindestens 90 Tage in der Heizperiode, als auch f\u00fcr rechtlich anerkannte Jahresmessungen.<\/p><p>Messbereich: 15 Bq\/m<sup>3<\/sup> \u2013 25 000 Bq\/m<sup>3<\/sup> \u00fcber einen Zeitraum von 3 Monaten.<\/p><p>Messprinzip: Die radonbelastete Luft diffundiert durch das Geh\u00e4use in eine Messkammer, wo Radon unter Freisetzung von Alphateilchen zerf\u00e4llt. Die Teilchen hinterlassen auf einem Kunststofffilm mikroskopische Spuren, die im Labor ausgez\u00e4hlt werden k\u00f6nnen und in eine Radonkonzentration umgerechnet werden.<\/p><p>Das Dosimeter kann mit der Haltevorrichtung aufgeh\u00e4ngt werden und muss nicht zwingend liegend aufgestellt werden.<\/p>\t\t\t\t\t\t\t\t<\/div>\n\t\t\t\t<\/div>\n\t\t\t\t\t<\/div>\n\t\t<\/div>\n\t\t\t\t<div class=\"elementor-column elementor-col-50 elementor-inner-column elementor-element elementor-element-5a29adc\" data-id=\"5a29adc\" data-element_type=\"column\">\n\t\t\t<div class=\"elementor-widget-wrap elementor-element-populated\">\n\t\t\t\t\t\t<div class=\"elementor-element elementor-element-1b0b884 elementor-widget elementor-widget-image\" data-id=\"1b0b884\" data-element_type=\"widget\" data-widget_type=\"image.default\">\n\t\t\t\t<div class=\"elementor-widget-container\">\n\t\t\t\t\t\t\t\t\t\t\t\t\t\t\t\t<a href=\"https:\/\/www.leuthe.ch\/wp-content\/uploads\/2022\/11\/Radtrak3.jpg\" data-elementor-open-lightbox=\"yes\" data-elementor-lightbox-title=\"Radtrak3\" data-e-action-hash=\"#elementor-action%3Aaction%3Dlightbox%26settings%3DeyJpZCI6NTc0LCJ1cmwiOiJodHRwczpcL1wvd3d3LmxldXRoZS5jaFwvd3AtY29udGVudFwvdXBsb2Fkc1wvMjAyMlwvMTFcL1JhZHRyYWszLmpwZyJ9\">\n\t\t\t\t\t\t\t<img fetchpriority=\"high\" decoding=\"async\" width=\"300\" height=\"225\" src=\"https:\/\/www.leuthe.ch\/wp-content\/uploads\/2022\/11\/Radtrak3-300x225.jpg\" class=\"attachment-medium size-medium wp-image-574\" alt=\"\" srcset=\"https:\/\/www.leuthe.ch\/wp-content\/uploads\/2022\/11\/Radtrak3-300x225.jpg 300w, https:\/\/www.leuthe.ch\/wp-content\/uploads\/2022\/11\/Radtrak3.jpg 640w\" sizes=\"(max-width: 300px) 100vw, 300px\" \/>\t\t\t\t\t\t\t\t<\/a>\n\t\t\t\t\t\t\t\t\t\t\t\t\t\t\t<\/div>\n\t\t\t\t<\/div>\n\t\t\t\t\t<\/div>\n\t\t<\/div>\n\t\t\t\t\t<\/div>\n\t\t<\/section>\n\t\t\t\t<section class=\"elementor-section elementor-inner-section elementor-element elementor-element-a907f84 elementor-section-boxed elementor-section-height-default elementor-section-height-default\" data-id=\"a907f84\" data-element_type=\"section\">\n\t\t\t\t\t\t<div class=\"elementor-container elementor-column-gap-default\">\n\t\t\t\t\t<div class=\"elementor-column elementor-col-50 elementor-inner-column elementor-element elementor-element-a19485b\" data-id=\"a19485b\" data-element_type=\"column\">\n\t\t\t<div class=\"elementor-widget-wrap elementor-element-populated\">\n\t\t\t\t\t\t<div class=\"elementor-element elementor-element-d6af0b3 elementor-widget elementor-widget-text-editor\" data-id=\"d6af0b3\" data-element_type=\"widget\" data-widget_type=\"text-editor.default\">\n\t\t\t\t<div class=\"elementor-widget-container\">\n\t\t\t\t\t\t\t\t\t<p><strong>\u00a0AlphaGuard<\/strong><\/p><p>Das Messger\u00e4t AlphaGuard ist geeignet f\u00fcr eine Kurzzeitmessung der Radonkonzentration.<\/p><p>Die Radonkonzentration wird zeitaufl\u00f6send gemessen und die ausgelesenen Werte werden grafisch dargestellt. Zudem werden Temperatur, relative Luftfeuchte und Luftdruck erfasst.<\/p><p>Die Messdauer ist abh\u00e4ngig von der Anzahl der zu messenden R\u00e4ume und betr\u00e4gt f\u00fcr ein Einfamilienhaus etwa 1 Woche.<\/p><p>Messbereich: 2 Bq\/m<sup>3<\/sup> \u2013 2 000 000 Bq\/m<sup>3 <\/sup>.<\/p><p>Messprinzip: In einer Ionisationskammer wird zwischen Anode und Kathode eine Hochspannung angelegt, die ein elektrisches Feld erzeugt. Treten Alphastrahlung in die Kammer wird das Gas der Kammer ionisiert und die Elektronen erreichen die Anode, was als Stromimpuls messbar ist.<\/p><p>Das Messger\u00e4t AlphaGuard kommt zur Anwendung vor einer Sanierung und zur Optimierung von Sanierungsmassnahmen.<\/p><p>Es kann eine Aussage getroffen werden, wie schnell die Radonkonzentration nach dem L\u00fcften eines Raumes oder nach dem Abschalten einer L\u00fcftungsanlage wieder ansteigt. Das wird bei <a href=\"https:\/\/www.leuthe.ch\/wp-content\/uploads\/2022\/11\/2022-Einzelfallpruefung-Schulen-KG.pdf\" target=\"_blank\" rel=\"noopener\">Einzelfallpr\u00fcfungen in Schulen und Kinderg\u00e4rten<\/a> verlangt.<\/p><p>Bei Grenzwert\u00fcberschreitungen, die mittels Messungen \u00fcber 24 Stunden w\u00e4hrend mindestens 3 Monaten in der Heizperiode festgestellt wurden (z.B. mit Radtrak3), kann mit dem Messger\u00e4t AlphaGuard der Einfluss des L\u00fcftungsverhaltens auf die Radonkonzentration in einem Raum dargestellt werden. Das ist insbesondere aussagekr\u00e4ftig f\u00fcr die Radonkonzentration w\u00e4hrend der Belegungszeit eines Schulzimmers. In den Pausen wird ein Schulzimmer \u00fcblicherweise gel\u00fcftet, da der Verbrauch der Atemluft in einem unbel\u00fcfteten Schulzimmer die Kohlendioxidkonzentration schnell auf kritische Werte ansteigen l\u00e4sst, was zu M\u00fcdigkeit f\u00fchrt.<\/p>\t\t\t\t\t\t\t\t<\/div>\n\t\t\t\t<\/div>\n\t\t\t\t\t<\/div>\n\t\t<\/div>\n\t\t\t\t<div class=\"elementor-column elementor-col-50 elementor-inner-column elementor-element elementor-element-124b757\" data-id=\"124b757\" data-element_type=\"column\">\n\t\t\t<div class=\"elementor-widget-wrap elementor-element-populated\">\n\t\t\t\t\t\t<div class=\"elementor-element elementor-element-80e3cec elementor-widget elementor-widget-image\" data-id=\"80e3cec\" data-element_type=\"widget\" data-widget_type=\"image.default\">\n\t\t\t\t<div class=\"elementor-widget-container\">\n\t\t\t\t\t\t\t\t\t\t\t\t\t\t\t<img decoding=\"async\" width=\"300\" height=\"225\" src=\"https:\/\/www.leuthe.ch\/wp-content\/uploads\/2019\/09\/IMG_1021-300x225.jpg\" class=\"attachment-medium size-medium wp-image-486\" alt=\"\" srcset=\"https:\/\/www.leuthe.ch\/wp-content\/uploads\/2019\/09\/IMG_1021-300x225.jpg 300w, https:\/\/www.leuthe.ch\/wp-content\/uploads\/2019\/09\/IMG_1021-768x576.jpg 768w, https:\/\/www.leuthe.ch\/wp-content\/uploads\/2019\/09\/IMG_1021-1024x768.jpg 1024w\" sizes=\"(max-width: 300px) 100vw, 300px\" \/>\t\t\t\t\t\t\t\t\t\t\t\t\t\t\t<\/div>\n\t\t\t\t<\/div>\n\t\t\t\t\t<\/div>\n\t\t<\/div>\n\t\t\t\t\t<\/div>\n\t\t<\/section>\n\t\t\t\t\t<\/div>\n\t\t<\/div>\n\t\t\t\t\t<\/div>\n\t\t<\/section>\n\t\t\t\t<\/div>\n\t\t","protected":false},"excerpt":{"rendered":"<p>Radtrak3 Das Kernspurdosimeter Radtrak3 eignet sich sowohl f\u00fcr anerkannte Messungen \u00fcber mindestens 90 Tage in der Heizperiode, als auch f\u00fcr rechtlich anerkannte Jahresmessungen. Messbereich: 15 Bq\/m3 \u2013 25 000 Bq\/m3 \u00fcber einen Zeitraum von 3 Monaten. Messprinzip: Die radonbelastete Luft diffundiert durch das Geh\u00e4use in eine Messkammer, wo Radon unter Freisetzung von Alphateilchen zerf\u00e4llt. Die [&hellip;]<\/p>\n","protected":false},"author":1,"featured_media":0,"parent":0,"menu_order":0,"comment_status":"closed","ping_status":"closed","template":"","meta":{"ocean_post_layout":"","ocean_both_sidebars_style":"","ocean_both_sidebars_content_width":0,"ocean_both_sidebars_sidebars_width":0,"ocean_sidebar":"0","ocean_second_sidebar":"0","ocean_disable_margins":"enable","ocean_add_body_class":"","ocean_shortcode_before_top_bar":"","ocean_shortcode_after_top_bar":"","ocean_shortcode_before_header":"","ocean_shortcode_after_header":"","ocean_has_shortcode":"","ocean_shortcode_after_title":"","ocean_shortcode_before_footer_widgets":"","ocean_shortcode_after_footer_widgets":"","ocean_shortcode_before_footer_bottom":"","ocean_shortcode_after_footer_bottom":"","ocean_display_top_bar":"default","ocean_display_header":"default","ocean_header_style":"","ocean_center_header_left_menu":"0","ocean_custom_header_template":"0","ocean_custom_logo":0,"ocean_custom_retina_logo":0,"ocean_custom_logo_max_width":0,"ocean_custom_logo_tablet_max_width":0,"ocean_custom_logo_mobile_max_width":0,"ocean_custom_logo_max_height":0,"ocean_custom_logo_tablet_max_height":0,"ocean_custom_logo_mobile_max_height":0,"ocean_header_custom_menu":"0","ocean_menu_typo_font_family":"0","ocean_menu_typo_font_subset":"","ocean_menu_typo_font_size":0,"ocean_menu_typo_font_size_tablet":0,"ocean_menu_typo_font_size_mobile":0,"ocean_menu_typo_font_size_unit":"px","ocean_menu_typo_font_weight":"","ocean_menu_typo_font_weight_tablet":"","ocean_menu_typo_font_weight_mobile":"","ocean_menu_typo_transform":"","ocean_menu_typo_transform_tablet":"","ocean_menu_typo_transform_mobile":"","ocean_menu_typo_line_height":0,"ocean_menu_typo_line_height_tablet":0,"ocean_menu_typo_line_height_mobile":0,"ocean_menu_typo_line_height_unit":"","ocean_menu_typo_spacing":0,"ocean_menu_typo_spacing_tablet":0,"ocean_menu_typo_spacing_mobile":0,"ocean_menu_typo_spacing_unit":"","ocean_menu_link_color":"","ocean_menu_link_color_hover":"","ocean_menu_link_color_active":"","ocean_menu_link_background":"","ocean_menu_link_hover_background":"","ocean_menu_link_active_background":"","ocean_menu_social_links_bg":"","ocean_menu_social_hover_links_bg":"","ocean_menu_social_links_color":"","ocean_menu_social_hover_links_color":"","ocean_disable_title":"default","ocean_disable_heading":"default","ocean_post_title":"","ocean_post_subheading":"","ocean_post_title_style":"","ocean_post_title_background_color":"","ocean_post_title_background":0,"ocean_post_title_bg_image_position":"","ocean_post_title_bg_image_attachment":"","ocean_post_title_bg_image_repeat":"","ocean_post_title_bg_image_size":"","ocean_post_title_height":0,"ocean_post_title_bg_overlay":0.5,"ocean_post_title_bg_overlay_color":"","ocean_disable_breadcrumbs":"default","ocean_breadcrumbs_color":"","ocean_breadcrumbs_separator_color":"","ocean_breadcrumbs_links_color":"","ocean_breadcrumbs_links_hover_color":"","ocean_display_footer_widgets":"default","ocean_display_footer_bottom":"default","ocean_custom_footer_template":"0","footnotes":""},"class_list":["post-488","page","type-page","status-publish","hentry","entry"],"_links":{"self":[{"href":"https:\/\/www.leuthe.ch\/index.php?rest_route=\/wp\/v2\/pages\/488","targetHints":{"allow":["GET"]}}],"collection":[{"href":"https:\/\/www.leuthe.ch\/index.php?rest_route=\/wp\/v2\/pages"}],"about":[{"href":"https:\/\/www.leuthe.ch\/index.php?rest_route=\/wp\/v2\/types\/page"}],"author":[{"embeddable":true,"href":"https:\/\/www.leuthe.ch\/index.php?rest_route=\/wp\/v2\/users\/1"}],"replies":[{"embeddable":true,"href":"https:\/\/www.leuthe.ch\/index.php?rest_route=%2Fwp%2Fv2%2Fcomments&post=488"}],"version-history":[{"count":20,"href":"https:\/\/www.leuthe.ch\/index.php?rest_route=\/wp\/v2\/pages\/488\/revisions"}],"predecessor-version":[{"id":654,"href":"https:\/\/www.leuthe.ch\/index.php?rest_route=\/wp\/v2\/pages\/488\/revisions\/654"}],"wp:attachment":[{"href":"https:\/\/www.leuthe.ch\/index.php?rest_route=%2Fwp%2Fv2%2Fmedia&parent=488"}],"curies":[{"name":"wp","href":"https:\/\/api.w.org\/{rel}","templated":true}]}}