{"id":321,"date":"2018-12-06T21:34:16","date_gmt":"2018-12-06T21:34:16","guid":{"rendered":"https:\/\/www.leuthe.ch\/?page_id=321"},"modified":"2023-10-16T13:13:58","modified_gmt":"2023-10-16T13:13:58","slug":"was-ist-radon2","status":"publish","type":"page","link":"https:\/\/www.leuthe.ch\/?page_id=321","title":{"rendered":"Was ist Radon?"},"content":{"rendered":"\t\t<div data-elementor-type=\"wp-post\" data-elementor-id=\"321\" class=\"elementor elementor-321\">\n\t\t\t\t\t\t<section class=\"elementor-section elementor-top-section elementor-element elementor-element-4f8827b elementor-section-boxed elementor-section-height-default elementor-section-height-default\" data-id=\"4f8827b\" data-element_type=\"section\">\n\t\t\t\t\t\t<div class=\"elementor-container elementor-column-gap-default\">\n\t\t\t\t\t<div class=\"elementor-column elementor-col-100 elementor-top-column elementor-element elementor-element-0ec4106\" data-id=\"0ec4106\" data-element_type=\"column\">\n\t\t\t<div class=\"elementor-widget-wrap elementor-element-populated\">\n\t\t\t\t\t\t<div class=\"elementor-element elementor-element-88fb693 elementor-widget elementor-widget-text-editor\" data-id=\"88fb693\" data-element_type=\"widget\" data-widget_type=\"text-editor.default\">\n\t\t\t\t<div class=\"elementor-widget-container\">\n\t\t\t\t\t\t\t\t\t<p><strong>Gesundheitsgefahr durch Radon?<\/strong><\/p><p>Radon (Rn) ist ein nat\u00fcrlich vorkommendes radioaktives Edelgas, das beim \u03b1-Zerfall von Radium gebildet wird und urspr\u00fcnglich von Uran abstammt. Das unsichtbare und geruchlose Radongas zerf\u00e4llt selbst in radioaktive Folgeprodukte wie Blei, Wismut und Polonium. Diese Zerfallsprodukte lagern sich an feinste Staubteilchen an und gelangen mit der Atemluft in die Lunge. Dort bestrahlen sie das empfindliche menschliche Lungengewebe, was im schlimmsten Fall zu Lungenkrebs f\u00fchren kann. Nach dem Rauchen ist Radon die zweith\u00e4ufigste Ursache f\u00fcr Lungenkrebs. Das Lungenkrebsrisiko nimmt linear zur Radonkonzentration in der Raumluft zu.<\/p><p><strong>Strahlenbelastung der Schweizer Bev\u00f6lkerung<\/strong><\/p><p>Radon verursacht in der Schweiz heute durchschnittlich 55% der j\u00e4hrlichen Strahlenbelastung des Menschen. Dabei wird von einer durchschnittlichen Radonkonzentration von 75 Bq\/m<sup>3<\/sup> ausgegangen. Weitere Belastungen kommen mit ca. 24% aus medizinischen Anwendungen wie R\u00f6ntgendiagnostik (davon mehr als <sup>2<\/sup>\/<sub>3<\/sub> aus Computertomografie), 13% tragen die nat\u00fcrliche kosmische und terrestrische Strahlung bei, 7% stammen aus der Nahrungsaufnahme (Radionuklide im K\u00f6rper). Die \u00fcbrigen 2% der Expositionen machen k\u00fcnstlich erzeugte Strahlenquellen aus, wobei Kernkraftwerke oder Forschungseinrichtungen im Normalbetrieb in der Schweiz nur etwa 0.2% beitragen.<\/p><p>Erreicht die Radonkonzentration 300 Bq\/m<sup>3<\/sup> im Wohnbereich und nimmt man eine Aufenthaltszeit von 7000 Stunden pro Jahr an, so erh\u00f6ht sich der Anteil der durch Radon verursachten Strahlenbelastung von 55% auf \u00fcber 80%.<\/p>\t\t\t\t\t\t\t\t<\/div>\n\t\t\t\t<\/div>\n\t\t\t\t\t<\/div>\n\t\t<\/div>\n\t\t\t\t\t<\/div>\n\t\t<\/section>\n\t\t\t\t<section class=\"elementor-section elementor-top-section elementor-element elementor-element-17f8cb8 elementor-section-boxed elementor-section-height-default elementor-section-height-default\" data-id=\"17f8cb8\" data-element_type=\"section\">\n\t\t\t\t\t\t<div class=\"elementor-container elementor-column-gap-default\">\n\t\t\t\t\t<div class=\"elementor-column elementor-col-100 elementor-top-column elementor-element elementor-element-4e9ee77\" data-id=\"4e9ee77\" data-element_type=\"column\">\n\t\t\t<div class=\"elementor-widget-wrap elementor-element-populated\">\n\t\t\t\t\t\t<section class=\"elementor-section elementor-inner-section elementor-element elementor-element-c12cb78 elementor-section-boxed elementor-section-height-default elementor-section-height-default\" data-id=\"c12cb78\" data-element_type=\"section\">\n\t\t\t\t\t\t<div class=\"elementor-container elementor-column-gap-default\">\n\t\t\t\t\t<div class=\"elementor-column elementor-col-50 elementor-inner-column elementor-element elementor-element-17ccc20\" data-id=\"17ccc20\" data-element_type=\"column\">\n\t\t\t<div class=\"elementor-widget-wrap elementor-element-populated\">\n\t\t\t\t\t\t<div class=\"elementor-element elementor-element-88fbbe3 elementor-widget elementor-widget-image\" data-id=\"88fbbe3\" data-element_type=\"widget\" data-widget_type=\"image.default\">\n\t\t\t\t<div class=\"elementor-widget-container\">\n\t\t\t\t\t\t\t\t\t\t\t\t\t\t\t<img fetchpriority=\"high\" decoding=\"async\" width=\"1024\" height=\"661\" src=\"https:\/\/www.leuthe.ch\/wp-content\/uploads\/2018\/12\/Strahlenbelastung-75-Bq-pro-m3-1024x661.png\" class=\"attachment-large size-large wp-image-443\" alt=\"\" srcset=\"https:\/\/www.leuthe.ch\/wp-content\/uploads\/2018\/12\/Strahlenbelastung-75-Bq-pro-m3-1024x661.png 1024w, https:\/\/www.leuthe.ch\/wp-content\/uploads\/2018\/12\/Strahlenbelastung-75-Bq-pro-m3-300x194.png 300w, https:\/\/www.leuthe.ch\/wp-content\/uploads\/2018\/12\/Strahlenbelastung-75-Bq-pro-m3-768x496.png 768w, https:\/\/www.leuthe.ch\/wp-content\/uploads\/2018\/12\/Strahlenbelastung-75-Bq-pro-m3.png 1525w\" sizes=\"(max-width: 1024px) 100vw, 1024px\" \/>\t\t\t\t\t\t\t\t\t\t\t\t\t\t\t<\/div>\n\t\t\t\t<\/div>\n\t\t\t\t\t<\/div>\n\t\t<\/div>\n\t\t\t\t<div class=\"elementor-column elementor-col-50 elementor-inner-column elementor-element elementor-element-97fcde5\" data-id=\"97fcde5\" data-element_type=\"column\">\n\t\t\t<div class=\"elementor-widget-wrap elementor-element-populated\">\n\t\t\t\t\t\t<div class=\"elementor-element elementor-element-270f2ca elementor-widget elementor-widget-image\" data-id=\"270f2ca\" data-element_type=\"widget\" data-widget_type=\"image.default\">\n\t\t\t\t<div class=\"elementor-widget-container\">\n\t\t\t\t\t\t\t\t\t\t\t\t\t\t\t<img decoding=\"async\" width=\"1024\" height=\"661\" src=\"https:\/\/www.leuthe.ch\/wp-content\/uploads\/2018\/12\/Strahlenbelastung-300-Bq-pro-m3-1024x661.png\" class=\"attachment-large size-large wp-image-444\" alt=\"\" srcset=\"https:\/\/www.leuthe.ch\/wp-content\/uploads\/2018\/12\/Strahlenbelastung-300-Bq-pro-m3-1024x661.png 1024w, https:\/\/www.leuthe.ch\/wp-content\/uploads\/2018\/12\/Strahlenbelastung-300-Bq-pro-m3-300x194.png 300w, https:\/\/www.leuthe.ch\/wp-content\/uploads\/2018\/12\/Strahlenbelastung-300-Bq-pro-m3-768x496.png 768w, https:\/\/www.leuthe.ch\/wp-content\/uploads\/2018\/12\/Strahlenbelastung-300-Bq-pro-m3.png 1525w\" sizes=\"(max-width: 1024px) 100vw, 1024px\" \/>\t\t\t\t\t\t\t\t\t\t\t\t\t\t\t<\/div>\n\t\t\t\t<\/div>\n\t\t\t\t\t<\/div>\n\t\t<\/div>\n\t\t\t\t\t<\/div>\n\t\t<\/section>\n\t\t\t\t<div class=\"elementor-element elementor-element-14b016d elementor-widget elementor-widget-text-editor\" data-id=\"14b016d\" data-element_type=\"widget\" data-widget_type=\"text-editor.default\">\n\t\t\t\t<div class=\"elementor-widget-container\">\n\t\t\t\t\t\t\t\t\t<p><strong>Wie gelangt Radon ins Geb\u00e4ude?<\/strong><\/p><p>Der Untergrund ist die wichtigste Quelle f\u00fcr Radon, da das Erdreich aus Hohlr\u00e4umen besteht, die mit Luft gef\u00fcllt sind. Uran kommt in unterschiedlichen Konzentrationen fast \u00fcberall im Erdreich vor, so dass das Zerfallsprodukt Radon die Bodenluft mit radioaktivem Gas anreichert. Die aufsteigende Bodenluft kann durch undichte Stellen im Fundament ins Geb\u00e4udeinnere eindringen und die Raumluft mit Radon belasten. Da Radon schwerer als Luft ist, nimmt die Radonkonzentration normalerweise in den oberen Stockwerken ab. In der Aussenluft verd\u00fcnnt sich Radon so stark, dass es ungef\u00e4hrlich ist.<br \/>Radonhaltige Bodenluft kann durch einen Unterdruck ins Geb\u00e4ude gesaugt werden.\u00a0 Ein sogenannter <strong>Kamineffekt <\/strong>entsteht bei Temperaturunterschieden von Raum- und Aussenluft bzw. Winddruck. Insbesondere w\u00e4hrend der Heizperiode steigt warme Luft im Haus auf und erzeugt einen Unterdruck. Auch Abluftanlagen k\u00f6nnen Unterdruck erzeugen. Werden undichte Fenster, die einen Luftaustausch zwischen Raum- und Aussenluft erm\u00f6glichen, erneuert, kann die Radonkonzentration in der Raumluft erheblich ansteigen.<\/p><p><strong>Wie wird Radioaktivit\u00e4t gemessen?<\/strong><\/p><p>Ein Kernspurdetektor ist ein passives Messger\u00e4t, das die Spuren von Atomzerf\u00e4llen registriert.<\/p><p>Die Konzentration der Radioaktivit\u00e4t wird in Becquerel pro Kubikmeter (Bq\/m<sup>3<\/sup>) gemessen. 1 Bq entspricht 1 Atomzerfall in der Sekunde.<\/p><p>Millisievert (mSv) hingegen ist die Einheit f\u00fcr die Dosis, welche das Risiko f\u00fcr Strahlensch\u00e4den quantifiziert. Die biologische Wirksamkeit ist abh\u00e4ngig von der Strahlenart und deren Energie. Eine Radonkonzentration von 300 Bq\/m<sup>3<\/sup> im Wohnbereich verursacht, bei einer angenommenen Aufenthaltszeit von 7000 Stunden pro Jahr, eine Dosis von etwa 12 mSv\/ Jahr.<\/p><p><a href=\"https:\/\/www.leuthe.ch\/wp-content\/uploads\/2018\/12\/12-Auszug-aus-der-Strahlenschutzverordnung.pdf\" target=\"_blank\" rel=\"noopener\"><strong>Strahlenschutzverordnung <\/strong><strong>zu Radon<\/strong><\/a><\/p><p>Um die Bev\u00f6lkerung besser vor Radon zu sch\u00fctzen, wurden die gesetzlichen Grundlagen in der Schweiz an internationale Richtlinien angepasst. Die Weltgesundheitsorganisation (WHO) empfiehlt, eine Radonkonzentration von 100-300 Bq\/m<sup>3<\/sup> in Innenr\u00e4umen nicht zu \u00fcberschreiten.<\/p><p>Am 1.1.2018 wurden in der Schweiz der Grenzwert von 1000 Bq\/m<sup>3<\/sup> und Richtwert von 400 Bq\/m<sup>3<\/sup> ersetzt durch einen Referenzwert von 300\u00a0Bq\/m<sup>3<\/sup> f\u00fcr die \u00fcber ein Jahr gemittelte Radongaskonzentration in R\u00e4umen, in denen sich Personen regelm\u00e4ssig w\u00e4hrend mehreren Stunden pro Tag aufhalten. Diese R\u00e4ume sind z.B. Wohnr\u00e4ume, Schulr\u00e4ume oder Arbeitspl\u00e4tze in Geb\u00e4uden.<\/p><p>Der Eigent\u00fcmer des Geb\u00e4udes oder bei Neubauten der Bauherr muss daf\u00fcr sorgen, dass dem Stand der Technik entsprechende bauliche Massnahmen getroffen werden, um eine Radonkonzentration zu erreichen, die unter dem Referenzwert von 300 Bq\/m<sup>3<\/sup> liegt.\u00a0 (<a href=\"https:\/\/www.leuthe.ch\/wp-content\/uploads\/2022\/11\/11-Merkblatt-Revision-StSV-V3-2019.pdf\" target=\"_blank\" rel=\"noopener\">Merkblatt Totalrevision der Verordnungen im Strahlenschutz<\/a>)<\/p><p>Bei einer \u00dcberschreitung des Referenzwertes von 300 Bq\/m3 wird die Dringlichkeit einer Radonsanierung in Abh\u00e4ngigkeit der Belastung f\u00fcr den Geb\u00e4udenutzer beurteilt. (<a href=\"https:\/\/www.leuthe.ch\/wp-content\/uploads\/2023\/10\/7-Wegleitung-Radon-V2.3-2023.pdf\">Wegleitung Radon<\/a>)<\/p><p><strong>Gen\u00fcgt die Absch\u00e4tzung der Radonbelastung anhand der <a href=\"https:\/\/map.geo.admin.ch\/?layers=ch.bag.radonkarte&amp;lang=de&amp;topic=ech&amp;bgLayer=ch.swisstopo.pixelkarte-farbe&amp;layers_opacity=0.75&amp;E=2710669.53&amp;N=1181559.39&amp;zoom=0\" target=\"_blank\" rel=\"noopener\">Radonkarte der Schweiz?<\/a><\/strong><\/p><p>Aufgrund geologischer Verh\u00e4ltnisse kann die Radonbelastung auch kleinr\u00e4umig stark variieren, so dass nicht von einem Haus auf ein angrenzendes geschlossen werden kann. Aufschluss gibt nur eine Messung.<\/p><p>Die Radonkarte gibt die Wahrscheinlichkeit an, den Referenzwert der Radonkonzentration von 300\u00a0Bq\/m<sup>3<\/sup> in Geb\u00e4uden zu \u00fcberschreiten. Farblich werden Wahrscheinlichkeitsbereiche von &lt;1\u00a0%, 1\u201110 %, 10-20 % und &gt;20 % unterschieden.<\/p><p>Die Radonkarte steht zudem in einer interaktiven Form im <a href=\"https:\/\/map.geo.admin.ch\/?layers=ch.bag.radonkarte&amp;lang=de&amp;topic=ech&amp;bgLayer=ch.swisstopo.pixelkarte-farbe&amp;layers_opacity=0.75\" target=\"_blank\" rel=\"noopener\">Geokatalog von Swisstopo<\/a> zur Verf\u00fcgung.<\/p><p>Hier kann nach Ortschaften gesucht oder gezoomt werden. Wird auf die Radonkarte geklickt, erh\u00e4lt man f\u00fcr die ausgew\u00e4hlte Fl\u00e4che die Wahrscheinlichkeit einer \u00dcberschreitung des Radonreferenzwertes von 300 Bq\/m3 in Geb\u00e4uden sowie einen Vertrauensindex (hoch, mittel, niedrig, sehr niedrig), der die Verl\u00e4sslichkeit der berechneten Wahrscheinlichkeit angibt.<\/p>\t\t\t\t\t\t\t\t<\/div>\n\t\t\t\t<\/div>\n\t\t\t\t\t<\/div>\n\t\t<\/div>\n\t\t\t\t\t<\/div>\n\t\t<\/section>\n\t\t\t\t<\/div>\n\t\t","protected":false},"excerpt":{"rendered":"<p>Gesundheitsgefahr durch Radon? Radon (Rn) ist ein nat\u00fcrlich vorkommendes radioaktives Edelgas, das beim \u03b1-Zerfall von Radium gebildet wird und urspr\u00fcnglich von Uran abstammt. Das unsichtbare und geruchlose Radongas zerf\u00e4llt selbst in radioaktive Folgeprodukte wie Blei, Wismut und Polonium. Diese Zerfallsprodukte lagern sich an feinste Staubteilchen an und gelangen mit der Atemluft in die Lunge. Dort [&hellip;]<\/p>\n","protected":false},"author":1,"featured_media":0,"parent":0,"menu_order":0,"comment_status":"closed","ping_status":"closed","template":"","meta":{"ocean_post_layout":"","ocean_both_sidebars_style":"","ocean_both_sidebars_content_width":0,"ocean_both_sidebars_sidebars_width":0,"ocean_sidebar":"0","ocean_second_sidebar":"0","ocean_disable_margins":"enable","ocean_add_body_class":"","ocean_shortcode_before_top_bar":"","ocean_shortcode_after_top_bar":"","ocean_shortcode_before_header":"","ocean_shortcode_after_header":"","ocean_has_shortcode":"","ocean_shortcode_after_title":"","ocean_shortcode_before_footer_widgets":"","ocean_shortcode_after_footer_widgets":"","ocean_shortcode_before_footer_bottom":"","ocean_shortcode_after_footer_bottom":"","ocean_display_top_bar":"default","ocean_display_header":"default","ocean_header_style":"","ocean_center_header_left_menu":"0","ocean_custom_header_template":"0","ocean_custom_logo":0,"ocean_custom_retina_logo":0,"ocean_custom_logo_max_width":0,"ocean_custom_logo_tablet_max_width":0,"ocean_custom_logo_mobile_max_width":0,"ocean_custom_logo_max_height":0,"ocean_custom_logo_tablet_max_height":0,"ocean_custom_logo_mobile_max_height":0,"ocean_header_custom_menu":"0","ocean_menu_typo_font_family":"0","ocean_menu_typo_font_subset":"","ocean_menu_typo_font_size":0,"ocean_menu_typo_font_size_tablet":0,"ocean_menu_typo_font_size_mobile":0,"ocean_menu_typo_font_size_unit":"px","ocean_menu_typo_font_weight":"","ocean_menu_typo_font_weight_tablet":"","ocean_menu_typo_font_weight_mobile":"","ocean_menu_typo_transform":"","ocean_menu_typo_transform_tablet":"","ocean_menu_typo_transform_mobile":"","ocean_menu_typo_line_height":0,"ocean_menu_typo_line_height_tablet":0,"ocean_menu_typo_line_height_mobile":0,"ocean_menu_typo_line_height_unit":"","ocean_menu_typo_spacing":0,"ocean_menu_typo_spacing_tablet":0,"ocean_menu_typo_spacing_mobile":0,"ocean_menu_typo_spacing_unit":"","ocean_menu_link_color":"","ocean_menu_link_color_hover":"","ocean_menu_link_color_active":"","ocean_menu_link_background":"","ocean_menu_link_hover_background":"","ocean_menu_link_active_background":"","ocean_menu_social_links_bg":"","ocean_menu_social_hover_links_bg":"","ocean_menu_social_links_color":"","ocean_menu_social_hover_links_color":"","ocean_disable_title":"default","ocean_disable_heading":"default","ocean_post_title":"","ocean_post_subheading":"","ocean_post_title_style":"","ocean_post_title_background_color":"","ocean_post_title_background":0,"ocean_post_title_bg_image_position":"","ocean_post_title_bg_image_attachment":"","ocean_post_title_bg_image_repeat":"","ocean_post_title_bg_image_size":"","ocean_post_title_height":0,"ocean_post_title_bg_overlay":0.5,"ocean_post_title_bg_overlay_color":"","ocean_disable_breadcrumbs":"default","ocean_breadcrumbs_color":"","ocean_breadcrumbs_separator_color":"","ocean_breadcrumbs_links_color":"","ocean_breadcrumbs_links_hover_color":"","ocean_display_footer_widgets":"default","ocean_display_footer_bottom":"default","ocean_custom_footer_template":"0","footnotes":""},"class_list":["post-321","page","type-page","status-publish","hentry","entry"],"_links":{"self":[{"href":"https:\/\/www.leuthe.ch\/index.php?rest_route=\/wp\/v2\/pages\/321","targetHints":{"allow":["GET"]}}],"collection":[{"href":"https:\/\/www.leuthe.ch\/index.php?rest_route=\/wp\/v2\/pages"}],"about":[{"href":"https:\/\/www.leuthe.ch\/index.php?rest_route=\/wp\/v2\/types\/page"}],"author":[{"embeddable":true,"href":"https:\/\/www.leuthe.ch\/index.php?rest_route=\/wp\/v2\/users\/1"}],"replies":[{"embeddable":true,"href":"https:\/\/www.leuthe.ch\/index.php?rest_route=%2Fwp%2Fv2%2Fcomments&post=321"}],"version-history":[{"count":66,"href":"https:\/\/www.leuthe.ch\/index.php?rest_route=\/wp\/v2\/pages\/321\/revisions"}],"predecessor-version":[{"id":695,"href":"https:\/\/www.leuthe.ch\/index.php?rest_route=\/wp\/v2\/pages\/321\/revisions\/695"}],"wp:attachment":[{"href":"https:\/\/www.leuthe.ch\/index.php?rest_route=%2Fwp%2Fv2%2Fmedia&parent=321"}],"curies":[{"name":"wp","href":"https:\/\/api.w.org\/{rel}","templated":true}]}}