{"id":228,"date":"2018-11-21T22:01:07","date_gmt":"2018-11-21T22:01:07","guid":{"rendered":"https:\/\/www.leuthe.ch\/?page_id=228"},"modified":"2022-11-01T17:28:43","modified_gmt":"2022-11-01T17:28:43","slug":"schutzmassnahmen","status":"publish","type":"page","link":"https:\/\/www.leuthe.ch\/?page_id=228","title":{"rendered":"Schutzmassnahmen"},"content":{"rendered":"\t\t<div data-elementor-type=\"wp-post\" data-elementor-id=\"228\" class=\"elementor elementor-228\">\n\t\t\t\t\t\t<section class=\"elementor-section elementor-top-section elementor-element elementor-element-c447568 elementor-section-boxed elementor-section-height-default elementor-section-height-default\" data-id=\"c447568\" data-element_type=\"section\">\n\t\t\t\t\t\t<div class=\"elementor-container elementor-column-gap-default\">\n\t\t\t\t\t<div class=\"elementor-column elementor-col-100 elementor-top-column elementor-element elementor-element-7688a3b\" data-id=\"7688a3b\" data-element_type=\"column\">\n\t\t\t<div class=\"elementor-widget-wrap elementor-element-populated\">\n\t\t\t\t\t\t<div class=\"elementor-element elementor-element-ed65538 elementor-widget elementor-widget-text-editor\" data-id=\"ed65538\" data-element_type=\"widget\" data-widget_type=\"text-editor.default\">\n\t\t\t\t<div class=\"elementor-widget-container\">\n\t\t\t\t\t\t\t\t\t<p>Der Radonschutz wird in der Norm SIA 180 `W\u00e4rmeschutz, Feuchteschutz und Raumklima in Geb\u00e4uden` unter der Raumluftqualit\u00e4t ber\u00fccksichtigt.<\/p><p>Es gelten drei Grundprinzipien f\u00fcr den Schutz vor Radon:<\/p><ul><li>Das Eindringen von Radon in das Geb\u00e4ude wird verhindert<\/li><li>Radon wird vor dem Eindringen in das Geb\u00e4ude aktiv entfernt<\/li><li>Radon wird aus dem Geb\u00e4ude entfernt<\/li><\/ul><p>Verschiedenste Massnahmen k\u00f6nnen zum <strong><a href=\"https:\/\/www.leuthe.ch\/wp-content\/uploads\/2022\/11\/2022-Sich-vor-Radon-schuetzen-praktische-Erfahrungen.pdf\" target=\"_blank\" rel=\"noopener\">Schutz vor Radon<\/a><\/strong> ergriffen werden.<\/p><p>Bei Neubauten zielen Massnahmen auf eine luftdichte Geb\u00e4udeh\u00fclle (z.B. Abdichtung aller Durchf\u00fchrungen durch das Fundament der durchgehenden Bodenplatte bzw. erdber\u00fchrenden W\u00e4nde, Abdichtungen bei den Kellersch\u00e4chten) und eine ausgeglichene Luftbilanz (z.B. Einbau von Nachstr\u00f6m\u00f6ffnungen bei Abluftanlagen in K\u00fcche und Bad oder Einbau einer kontrollierten L\u00fcftung, separate Verbrennungsluftf\u00fchrung f\u00fcr Heizungen).<\/p><p>Bei bestehenden Bauten empfiehlt sich ein etappenweises Vorgehen. <br \/>Sofortmassnahmen k\u00f6nnen bei erh\u00f6hter Radonkonzentration eine Umnutzung des Raumes sein, um die Aufenthaltsdauer zu verk\u00fcrzen. Stossl\u00fcften unmittelbar vor der Raumnutzung hilft nur kurzfristig. Bereits nach ca. 2 h kann die Radonkonzentration wieder auf den urspr\u00fcnglichen Wert ansteigen.<br \/>Barrieren sollten zur erdber\u00fchrenden Geb\u00e4udeh\u00fclle geschaffen werden (Abdichtungsmassnahmen an W\u00e4nden und Boden, insbesondere bei Leitungsdurchf\u00fchrungen). \u00d6ffnungen zwischen Keller, Kriechkeller oder Hohlr\u00e4umen und bewohnten R\u00e4umen k\u00f6nnen abgedichtet werden (betrifft z.B. Installationskan\u00e4le, Abwurfsch\u00e4chte f\u00fcr W\u00e4sche) bzw. verschlossen werden (z.B. mit einer selbstschliessenden luftdichten Kellert\u00fcre).<br \/>Unterdruck sollte vermieden werden (z.B. Einbau von Nachstr\u00f6m\u00f6ffnungen bei Abluftanlagen in K\u00fcche und Bad, separate Verbrennungsluftf\u00fchrung f\u00fcr Heizungen).<br \/>Luftstr\u00f6me k\u00f6nnen gelenkt werden (z.B. Einbau von einer Komfortl\u00fcftung mit Zu- und Abluftf\u00fchrung, Einbau einer Zuluftanlage zur Erzeugung eines leichten \u00dcberdrucks in bewohnten R\u00e4umen, Bel\u00fcftung des Untergeschosses oder Erzeugung eines Unterdrucks im Keller).<\/p>\t\t\t\t\t\t\t\t<\/div>\n\t\t\t\t<\/div>\n\t\t\t\t\t<\/div>\n\t\t<\/div>\n\t\t\t\t\t<\/div>\n\t\t<\/section>\n\t\t\t\t<\/div>\n\t\t","protected":false},"excerpt":{"rendered":"<p>Der Radonschutz wird in der Norm SIA 180 `W\u00e4rmeschutz, Feuchteschutz und Raumklima in Geb\u00e4uden` unter der Raumluftqualit\u00e4t ber\u00fccksichtigt. Es gelten drei Grundprinzipien f\u00fcr den Schutz vor Radon: Das Eindringen von Radon in das Geb\u00e4ude wird verhindert Radon wird vor dem Eindringen in das Geb\u00e4ude aktiv entfernt Radon wird aus dem Geb\u00e4ude entfernt Verschiedenste Massnahmen k\u00f6nnen [&hellip;]<\/p>\n","protected":false},"author":1,"featured_media":0,"parent":0,"menu_order":0,"comment_status":"closed","ping_status":"closed","template":"","meta":{"ocean_post_layout":"","ocean_both_sidebars_style":"","ocean_both_sidebars_content_width":0,"ocean_both_sidebars_sidebars_width":0,"ocean_sidebar":"0","ocean_second_sidebar":"0","ocean_disable_margins":"enable","ocean_add_body_class":"","ocean_shortcode_before_top_bar":"","ocean_shortcode_after_top_bar":"","ocean_shortcode_before_header":"","ocean_shortcode_after_header":"","ocean_has_shortcode":"","ocean_shortcode_after_title":"","ocean_shortcode_before_footer_widgets":"","ocean_shortcode_after_footer_widgets":"","ocean_shortcode_before_footer_bottom":"","ocean_shortcode_after_footer_bottom":"","ocean_display_top_bar":"default","ocean_display_header":"default","ocean_header_style":"","ocean_center_header_left_menu":"0","ocean_custom_header_template":"0","ocean_custom_logo":0,"ocean_custom_retina_logo":0,"ocean_custom_logo_max_width":0,"ocean_custom_logo_tablet_max_width":0,"ocean_custom_logo_mobile_max_width":0,"ocean_custom_logo_max_height":0,"ocean_custom_logo_tablet_max_height":0,"ocean_custom_logo_mobile_max_height":0,"ocean_header_custom_menu":"0","ocean_menu_typo_font_family":"0","ocean_menu_typo_font_subset":"","ocean_menu_typo_font_size":0,"ocean_menu_typo_font_size_tablet":0,"ocean_menu_typo_font_size_mobile":0,"ocean_menu_typo_font_size_unit":"px","ocean_menu_typo_font_weight":"","ocean_menu_typo_font_weight_tablet":"","ocean_menu_typo_font_weight_mobile":"","ocean_menu_typo_transform":"","ocean_menu_typo_transform_tablet":"","ocean_menu_typo_transform_mobile":"","ocean_menu_typo_line_height":0,"ocean_menu_typo_line_height_tablet":0,"ocean_menu_typo_line_height_mobile":0,"ocean_menu_typo_line_height_unit":"","ocean_menu_typo_spacing":0,"ocean_menu_typo_spacing_tablet":0,"ocean_menu_typo_spacing_mobile":0,"ocean_menu_typo_spacing_unit":"","ocean_menu_link_color":"","ocean_menu_link_color_hover":"","ocean_menu_link_color_active":"","ocean_menu_link_background":"","ocean_menu_link_hover_background":"","ocean_menu_link_active_background":"","ocean_menu_social_links_bg":"","ocean_menu_social_hover_links_bg":"","ocean_menu_social_links_color":"","ocean_menu_social_hover_links_color":"","ocean_disable_title":"default","ocean_disable_heading":"default","ocean_post_title":"","ocean_post_subheading":"","ocean_post_title_style":"","ocean_post_title_background_color":"","ocean_post_title_background":0,"ocean_post_title_bg_image_position":"","ocean_post_title_bg_image_attachment":"","ocean_post_title_bg_image_repeat":"","ocean_post_title_bg_image_size":"","ocean_post_title_height":0,"ocean_post_title_bg_overlay":0.5,"ocean_post_title_bg_overlay_color":"","ocean_disable_breadcrumbs":"default","ocean_breadcrumbs_color":"","ocean_breadcrumbs_separator_color":"","ocean_breadcrumbs_links_color":"","ocean_breadcrumbs_links_hover_color":"","ocean_display_footer_widgets":"default","ocean_display_footer_bottom":"default","ocean_custom_footer_template":"0","footnotes":""},"class_list":["post-228","page","type-page","status-publish","hentry","entry"],"_links":{"self":[{"href":"https:\/\/www.leuthe.ch\/index.php?rest_route=\/wp\/v2\/pages\/228","targetHints":{"allow":["GET"]}}],"collection":[{"href":"https:\/\/www.leuthe.ch\/index.php?rest_route=\/wp\/v2\/pages"}],"about":[{"href":"https:\/\/www.leuthe.ch\/index.php?rest_route=\/wp\/v2\/types\/page"}],"author":[{"embeddable":true,"href":"https:\/\/www.leuthe.ch\/index.php?rest_route=\/wp\/v2\/users\/1"}],"replies":[{"embeddable":true,"href":"https:\/\/www.leuthe.ch\/index.php?rest_route=%2Fwp%2Fv2%2Fcomments&post=228"}],"version-history":[{"count":14,"href":"https:\/\/www.leuthe.ch\/index.php?rest_route=\/wp\/v2\/pages\/228\/revisions"}],"predecessor-version":[{"id":651,"href":"https:\/\/www.leuthe.ch\/index.php?rest_route=\/wp\/v2\/pages\/228\/revisions\/651"}],"wp:attachment":[{"href":"https:\/\/www.leuthe.ch\/index.php?rest_route=%2Fwp%2Fv2%2Fmedia&parent=228"}],"curies":[{"name":"wp","href":"https:\/\/api.w.org\/{rel}","templated":true}]}}