{"id":224,"date":"2018-11-21T21:57:47","date_gmt":"2018-11-21T21:57:47","guid":{"rendered":"https:\/\/www.leuthe.ch\/?page_id=224"},"modified":"2023-10-16T13:17:37","modified_gmt":"2023-10-16T13:17:37","slug":"arbeitsplaetze","status":"publish","type":"page","link":"https:\/\/www.leuthe.ch\/?page_id=224","title":{"rendered":"Arbeitspl\u00e4tze"},"content":{"rendered":"\t\t<div data-elementor-type=\"wp-post\" data-elementor-id=\"224\" class=\"elementor elementor-224\">\n\t\t\t\t\t\t<section class=\"elementor-section elementor-top-section elementor-element elementor-element-e47ce1e elementor-section-boxed elementor-section-height-default elementor-section-height-default\" data-id=\"e47ce1e\" data-element_type=\"section\">\n\t\t\t\t\t\t<div class=\"elementor-container elementor-column-gap-default\">\n\t\t\t\t\t<div class=\"elementor-column elementor-col-100 elementor-top-column elementor-element elementor-element-0da1129\" data-id=\"0da1129\" data-element_type=\"column\">\n\t\t\t<div class=\"elementor-widget-wrap elementor-element-populated\">\n\t\t\t\t\t\t<div class=\"elementor-element elementor-element-3621ed1 elementor-widget elementor-widget-text-editor\" data-id=\"3621ed1\" data-element_type=\"widget\" data-widget_type=\"text-editor.default\">\n\t\t\t\t<div class=\"elementor-widget-container\">\n\t\t\t\t\t\t\t\t\t<p>Mit dem Inkrafttreten der Strahlenschutzverordnung (<a href=\"https:\/\/www.leuthe.ch\/wp-content\/uploads\/2018\/12\/12-Auszug-aus-der-Strahlenschutzverordnung.pdf\" target=\"_blank\" rel=\"noopener\">Auszug aus der Strahlenschutzverordnung<\/a>) am 1. Januar 2018 wird eine Radonmessung am Arbeitsplatz durch eine anerkannte Messstelle durchgef\u00fchrt, die folgende Verpflichtungen hat:<\/p><ul><li>Einhalten des vorgeschriebenen Messprotokolls (<a href=\"https:\/\/www.leuthe.ch\/wp-content\/uploads\/2018\/12\/3-Radonmessung-an-Arbeitspl\u00e4tzen.pdf\" target=\"_blank\" rel=\"noopener\">Messprotokoll Radonmessung an Arbeitspl\u00e4tzen<\/a>)<\/li><li>Dokumentation der Daten in der Radondatenbank<\/li><li>Erstellen eines Messberichts mit <a href=\"https:\/\/www.leuthe.ch\/wp-content\/uploads\/2018\/12\/9-Interpretation-der-Messresultate-Arbeitspl\u00e4tze.pdf\" target=\"_blank\" rel=\"noopener\">Interpretation der Messresultate f\u00fcr Arbeitspl\u00e4tze<\/a>.<\/li><\/ul><p>Eine Radonmessung muss <strong>w\u00e4hrend mindestens 90 Tagen in der Heizperiode (Oktober &#8211; M\u00e4rz)<\/strong> durchgef\u00fchrt werden. Es gibt keine saisonale Korrektur mehr f\u00fcr Messungen, die in der Heizperiode durchgef\u00fchrt wurden. Die Messung in der Heizperiode ergibt meist eine leicht h\u00f6here \u00fcber ein Jahr gemittelte Radonkonzentration als eine echte Jahresmessung. Die Dosimeter werden von einer Radonfachperson der Messstelle aufgestellt und abgeholt. Es sollten <strong>alle Arbeits- und Aufenthaltsr\u00e4ume im Erdgeschoss und Untergeschoss<\/strong> gemessen werden, die regelm\u00e4ssig mehrere Stunden pro Tag benutzt werden, d.h. es betrifft R\u00e4ume <strong>mit Aufenthaltszeiten \u00fcber 15 Stunden pro Woche.<\/strong> Die Aufenthaltszeit richtet sich nach derjenigen Person, welche sich am l\u00e4ngsten im Raum aufh\u00e4lt. Zus\u00e4tzliche Messungen im Untergeschoss werden bei R\u00e4umen mit hohem Radonpotential wie z.B. einem Keller mit Naturboden empfohlen.<\/p><p>Die Kosten f\u00fcr eine Radonmessung an Arbeitspl\u00e4tzen h\u00e4ngen vom Standort des Geb\u00e4udes und der Anzahl der eingesetzten Dosimeter ab. F\u00fcr das Erstellen eines Angebots sind Geb\u00e4udepl\u00e4ne sehr hilfreich. (<a href=\"https:\/\/www.leuthe.ch\/?page_id=11\" target=\"_blank\" rel=\"noopener\">&#8212;&gt; Kontakt<\/a>)<\/p><p>Wird der Radonreferenzwert von 300 Bq\/m<sup>3<\/sup> in keinem der untersuchten R\u00e4ume mit Personenaufenthalt \u00fcberschritten sind keine Massnahmen erforderlich.<\/p><p>Wird der Radonreferenzwert von 300 Bq\/m<sup>3<\/sup> in mindestens einem der untersuchten R\u00e4ume mit Personenaufenthalt \u00fcberschritten sind im Einzelfall Beurteilungen mit z.B. zeitaufl\u00f6senden Messger\u00e4ten n\u00f6tig. Der Geb\u00e4udeeigent\u00fcmer ergreift die notwendigen Sanierungsmassnahmen gem\u00e4ss <a href=\"https:\/\/www.leuthe.ch\/wp-content\/uploads\/2023\/10\/7-Wegleitung-Radon-V2.3-2023.pdf\" target=\"_blank\" rel=\"noopener\">Wegleitung Radon<\/a>.<\/p><p>Bei Umnutzung von R\u00e4umen ohne Personenaufenthalt in R\u00e4ume mit Personenaufenthalt muss eine Neubeurteilung anhand der Messwerte erfolgen.<\/p><p>Wird neben dem Radonreferenzwert auch der Schwellenwert von 1000 Bq\/m<sup>3<\/sup> an einem Arbeitsplatz \u00fcberschritten (unabh\u00e4ngig von der Aufenthaltszeit), gilt dieser als radonexponierter Arbeitsplatz. Die Suva, Aufsichtsbeh\u00f6rde f\u00fcr die Industrie- und Gewerbebetriebe, wird informiert. Der Betrieb muss dann die j\u00e4hrlich durch Radon verursachte Dosis der exponierten Person ermitteln und diese mindestens alle 5 Jahre \u00fcberpr\u00fcfen. Liegt die effektive Dosis einer Person am Arbeitsplatz auch nach Umsetzung von organisatorischen oder technischen Massnahmen \u00fcber 10 mSv pro Jahr, gilt die Person als beruflich strahlenexponiert.<\/p>\t\t\t\t\t\t\t\t<\/div>\n\t\t\t\t<\/div>\n\t\t\t\t\t<\/div>\n\t\t<\/div>\n\t\t\t\t\t<\/div>\n\t\t<\/section>\n\t\t\t\t<\/div>\n\t\t","protected":false},"excerpt":{"rendered":"<p>Mit dem Inkrafttreten der Strahlenschutzverordnung (Auszug aus der Strahlenschutzverordnung) am 1. Januar 2018 wird eine Radonmessung am Arbeitsplatz durch eine anerkannte Messstelle durchgef\u00fchrt, die folgende Verpflichtungen hat: Einhalten des vorgeschriebenen Messprotokolls (Messprotokoll Radonmessung an Arbeitspl\u00e4tzen) Dokumentation der Daten in der Radondatenbank Erstellen eines Messberichts mit Interpretation der Messresultate f\u00fcr Arbeitspl\u00e4tze. Eine Radonmessung muss w\u00e4hrend mindestens [&hellip;]<\/p>\n","protected":false},"author":1,"featured_media":0,"parent":0,"menu_order":0,"comment_status":"closed","ping_status":"closed","template":"","meta":{"ocean_post_layout":"","ocean_both_sidebars_style":"","ocean_both_sidebars_content_width":0,"ocean_both_sidebars_sidebars_width":0,"ocean_sidebar":"0","ocean_second_sidebar":"0","ocean_disable_margins":"enable","ocean_add_body_class":"","ocean_shortcode_before_top_bar":"","ocean_shortcode_after_top_bar":"","ocean_shortcode_before_header":"","ocean_shortcode_after_header":"","ocean_has_shortcode":"","ocean_shortcode_after_title":"","ocean_shortcode_before_footer_widgets":"","ocean_shortcode_after_footer_widgets":"","ocean_shortcode_before_footer_bottom":"","ocean_shortcode_after_footer_bottom":"","ocean_display_top_bar":"default","ocean_display_header":"default","ocean_header_style":"","ocean_center_header_left_menu":"0","ocean_custom_header_template":"0","ocean_custom_logo":0,"ocean_custom_retina_logo":0,"ocean_custom_logo_max_width":0,"ocean_custom_logo_tablet_max_width":0,"ocean_custom_logo_mobile_max_width":0,"ocean_custom_logo_max_height":0,"ocean_custom_logo_tablet_max_height":0,"ocean_custom_logo_mobile_max_height":0,"ocean_header_custom_menu":"0","ocean_menu_typo_font_family":"0","ocean_menu_typo_font_subset":"","ocean_menu_typo_font_size":0,"ocean_menu_typo_font_size_tablet":0,"ocean_menu_typo_font_size_mobile":0,"ocean_menu_typo_font_size_unit":"px","ocean_menu_typo_font_weight":"","ocean_menu_typo_font_weight_tablet":"","ocean_menu_typo_font_weight_mobile":"","ocean_menu_typo_transform":"","ocean_menu_typo_transform_tablet":"","ocean_menu_typo_transform_mobile":"","ocean_menu_typo_line_height":0,"ocean_menu_typo_line_height_tablet":0,"ocean_menu_typo_line_height_mobile":0,"ocean_menu_typo_line_height_unit":"","ocean_menu_typo_spacing":0,"ocean_menu_typo_spacing_tablet":0,"ocean_menu_typo_spacing_mobile":0,"ocean_menu_typo_spacing_unit":"","ocean_menu_link_color":"","ocean_menu_link_color_hover":"","ocean_menu_link_color_active":"","ocean_menu_link_background":"","ocean_menu_link_hover_background":"","ocean_menu_link_active_background":"","ocean_menu_social_links_bg":"","ocean_menu_social_hover_links_bg":"","ocean_menu_social_links_color":"","ocean_menu_social_hover_links_color":"","ocean_disable_title":"default","ocean_disable_heading":"default","ocean_post_title":"","ocean_post_subheading":"","ocean_post_title_style":"","ocean_post_title_background_color":"","ocean_post_title_background":0,"ocean_post_title_bg_image_position":"","ocean_post_title_bg_image_attachment":"","ocean_post_title_bg_image_repeat":"","ocean_post_title_bg_image_size":"","ocean_post_title_height":0,"ocean_post_title_bg_overlay":0.5,"ocean_post_title_bg_overlay_color":"","ocean_disable_breadcrumbs":"default","ocean_breadcrumbs_color":"","ocean_breadcrumbs_separator_color":"","ocean_breadcrumbs_links_color":"","ocean_breadcrumbs_links_hover_color":"","ocean_display_footer_widgets":"default","ocean_display_footer_bottom":"default","ocean_custom_footer_template":"0","footnotes":""},"class_list":["post-224","page","type-page","status-publish","hentry","entry"],"_links":{"self":[{"href":"https:\/\/www.leuthe.ch\/index.php?rest_route=\/wp\/v2\/pages\/224","targetHints":{"allow":["GET"]}}],"collection":[{"href":"https:\/\/www.leuthe.ch\/index.php?rest_route=\/wp\/v2\/pages"}],"about":[{"href":"https:\/\/www.leuthe.ch\/index.php?rest_route=\/wp\/v2\/types\/page"}],"author":[{"embeddable":true,"href":"https:\/\/www.leuthe.ch\/index.php?rest_route=\/wp\/v2\/users\/1"}],"replies":[{"embeddable":true,"href":"https:\/\/www.leuthe.ch\/index.php?rest_route=%2Fwp%2Fv2%2Fcomments&post=224"}],"version-history":[{"count":22,"href":"https:\/\/www.leuthe.ch\/index.php?rest_route=\/wp\/v2\/pages\/224\/revisions"}],"predecessor-version":[{"id":701,"href":"https:\/\/www.leuthe.ch\/index.php?rest_route=\/wp\/v2\/pages\/224\/revisions\/701"}],"wp:attachment":[{"href":"https:\/\/www.leuthe.ch\/index.php?rest_route=%2Fwp%2Fv2%2Fmedia&parent=224"}],"curies":[{"name":"wp","href":"https:\/\/api.w.org\/{rel}","templated":true}]}}