{"id":221,"date":"2018-11-21T21:56:21","date_gmt":"2018-11-21T21:56:21","guid":{"rendered":"https:\/\/www.leuthe.ch\/?page_id=221"},"modified":"2023-10-26T17:04:32","modified_gmt":"2023-10-26T17:04:32","slug":"schulen-und-kindergaerten","status":"publish","type":"page","link":"https:\/\/www.leuthe.ch\/?page_id=221","title":{"rendered":"Schulen und Kinderg\u00e4rten"},"content":{"rendered":"\t\t<div data-elementor-type=\"wp-post\" data-elementor-id=\"221\" class=\"elementor elementor-221\">\n\t\t\t\t\t\t<section class=\"elementor-section elementor-top-section elementor-element elementor-element-4dbf28c elementor-section-boxed elementor-section-height-default elementor-section-height-default\" data-id=\"4dbf28c\" data-element_type=\"section\">\n\t\t\t\t\t\t<div class=\"elementor-container elementor-column-gap-default\">\n\t\t\t\t\t<div class=\"elementor-column elementor-col-100 elementor-top-column elementor-element elementor-element-3e6c621\" data-id=\"3e6c621\" data-element_type=\"column\">\n\t\t\t<div class=\"elementor-widget-wrap elementor-element-populated\">\n\t\t\t\t\t\t<div class=\"elementor-element elementor-element-91eba6c elementor-widget elementor-widget-text-editor\" data-id=\"91eba6c\" data-element_type=\"widget\" data-widget_type=\"text-editor.default\">\n\t\t\t\t<div class=\"elementor-widget-container\">\n\t\t\t\t\t\t\t\t\t<p>In den meisten Schulen und Kinderg\u00e4rten wurde bereits fr\u00fcher eine Radonmessung durchgef\u00fchrt, die sich in der Regel auf die \u00dcberpr\u00fcfung weniger R\u00e4ume beschr\u00e4nkte.<\/p><p>Mit dem Inkrafttreten der Strahlenschutzverordnung (<a href=\"https:\/\/www.leuthe.ch\/wp-content\/uploads\/2018\/12\/12-Auszug-aus-der-Strahlenschutzverordnung.pdf\" target=\"_blank\" rel=\"noopener\">Auszug aus der Strahlenschutzverordnung<\/a>) am 1. Januar 2018 wird eine Radonmessung an Schulen und Kinderg\u00e4rten durch eine anerkannte Messstelle durchgef\u00fchrt, die folgende Verpflichtungen hat:<\/p><ul><li>Einhalten des vorgeschriebenen Messprotokolls (<a href=\"https:\/\/www.leuthe.ch\/wp-content\/uploads\/2018\/12\/2-Radonmessung-in-Schulen-und-Kinderg\u00e4rten.pdf\" target=\"_blank\" rel=\"noopener\">Messprotokoll Radonmessung in Schulen und Kinderg\u00e4rten<\/a>)<\/li><li>Dokumentation der Daten in der Radondatenbank<\/li><li>Erstellen eines Messberichts mit <a href=\"https:\/\/www.leuthe.ch\/wp-content\/uploads\/2018\/12\/8-Interpretation-der-Messresultate-Schulen-Kinderg\u00e4rten.pdf\" target=\"_blank\" rel=\"noopener\">Interpretation der Messresultate f\u00fcr Schulen und Kinderg\u00e4rten<\/a>.<\/li><\/ul><p>Eine Radonmessung muss <strong>w\u00e4hrend mindestens 90 Tagen in der Heizperiode (Oktober &#8211; M\u00e4rz)<\/strong> durchgef\u00fchrt werden. Es gibt keine saisonale Korrektur mehr f\u00fcr Messungen, die in der Heizperiode durchgef\u00fchrt wurden. Die Messung in der Heizperiode ergibt meist eine leicht h\u00f6here \u00fcber ein Jahr gemittelte Radonkonzentration als eine echte Jahresmessung. Die Dosimeter werden von einer Radonfachperson der Messstelle aufgestellt und abgeholt. Es sollten <strong>alle Aufenthalts- und Schulr\u00e4ume im Erdgeschoss und Untergeschoss<\/strong> gemessen werden, die regelm\u00e4ssig mehrere Stunden pro Tag benutzt werden, d.h. es betrifft <strong>Unterrichtsr\u00e4ume mit Aufenthaltszeiten \u00fcber 15 Stunden pro Woche.<\/strong> Die Aufenthaltszeit bezieht sich auf <strong>alle Personen<\/strong>, die den Raum nutzen, d.h. die <strong>Gesamtnutzungszeit<\/strong> des Raumes pro Woche. Zus\u00e4tzlich werden auch Turn- oder Schwimmhallen gemessen. Von der Messpflicht ausgenommen sind die Lehrerzimmer und die Hauswartwohnung. Zus\u00e4tzliche Messungen im Untergeschoss werden bei R\u00e4umen mit hohem Radonpotential wie z.B. einem Keller mit Naturboden empfohlen.<\/p><p>Die Kosten f\u00fcr eine Radonmessung an Schulen und Kinderg\u00e4rten h\u00e4ngen vom Standort des Geb\u00e4udes und der Anzahl der eingesetzten Dosimeter ab. F\u00fcr das Erstellen eines Angebots sind Geb\u00e4udepl\u00e4ne sehr hilfreich.<\/p><p>Wird der Radonreferenzwert von 300 Bq\/m<sup>3<\/sup> in keinem der untersuchten R\u00e4ume mit Personenaufenthalt \u00fcberschritten sind keine Massnahmen erforderlich.<\/p><p>Wird der Radonreferenzwert von 300 Bq\/m<sup>3<\/sup> in mindestens einem der untersuchten R\u00e4ume mit Personenaufenthalt \u00fcberschritten sind im <a href=\"https:\/\/www.leuthe.ch\/wp-content\/uploads\/2022\/11\/2022-Einzelfallpruefung-Schulen-KG.pdf\" target=\"_blank\" rel=\"noopener\">Einzelfall Beurteilungen<\/a> mit zeitaufl\u00f6senden Messger\u00e4ten, wie AlphaGuard n\u00f6tig. Der Kanton ordnet eine Radonsanierung innerhalb von 3 Jahren nach Feststellung einer \u00dcberschreitung an und legt eine Sanierungsfrist f\u00fcr den Geb\u00e4udeeigent\u00fcmer gem\u00e4ss nachstehendem Auszug der <a href=\"https:\/\/www.leuthe.ch\/wp-content\/uploads\/2023\/10\/7-Wegleitung-Radon-V2.3-2023.pdf\" target=\"_blank\" rel=\"noopener\">Wegleitung Radon<\/a> fest.<\/p><p>Bei der Beurteilung der Dringlichkeit einer Sanierung werden die R\u00e4ume in Kategorien von Aufenthaltszeiten eingeteilt (Tabelle 3).<\/p>\t\t\t\t\t\t\t\t<\/div>\n\t\t\t\t<\/div>\n\t\t\t\t\t<\/div>\n\t\t<\/div>\n\t\t\t\t\t<\/div>\n\t\t<\/section>\n\t\t\t\t<section class=\"elementor-section elementor-top-section elementor-element elementor-element-1729b01 elementor-section-boxed elementor-section-height-default elementor-section-height-default\" data-id=\"1729b01\" data-element_type=\"section\">\n\t\t\t\t\t\t<div class=\"elementor-container elementor-column-gap-default\">\n\t\t\t\t\t<div class=\"elementor-column elementor-col-100 elementor-top-column elementor-element elementor-element-be70645\" data-id=\"be70645\" data-element_type=\"column\">\n\t\t\t<div class=\"elementor-widget-wrap elementor-element-populated\">\n\t\t\t\t\t\t<div class=\"elementor-element elementor-element-96cad1e elementor-widget elementor-widget-image\" data-id=\"96cad1e\" data-element_type=\"widget\" data-widget_type=\"image.default\">\n\t\t\t\t<div class=\"elementor-widget-container\">\n\t\t\t\t\t\t\t\t\t\t\t\t\t\t\t<img decoding=\"async\" src=\"https:\/\/www.leuthe.ch\/wp-content\/uploads\/2023\/10\/Tabelle-3-2023.png\" title=\"Tabelle 3 2023\" alt=\"Tabelle 3 2023\" loading=\"lazy\" \/>\t\t\t\t\t\t\t\t\t\t\t\t\t\t\t<\/div>\n\t\t\t\t<\/div>\n\t\t\t\t\t<\/div>\n\t\t<\/div>\n\t\t\t\t\t<\/div>\n\t\t<\/section>\n\t\t\t\t<section class=\"elementor-section elementor-top-section elementor-element elementor-element-3f7604e elementor-section-boxed elementor-section-height-default elementor-section-height-default\" data-id=\"3f7604e\" data-element_type=\"section\">\n\t\t\t\t\t\t<div class=\"elementor-container elementor-column-gap-default\">\n\t\t\t\t\t<div class=\"elementor-column elementor-col-100 elementor-top-column elementor-element elementor-element-b147d02\" data-id=\"b147d02\" data-element_type=\"column\">\n\t\t\t<div class=\"elementor-widget-wrap elementor-element-populated\">\n\t\t\t\t\t\t<div class=\"elementor-element elementor-element-df06c0f elementor-widget elementor-widget-text-editor\" data-id=\"df06c0f\" data-element_type=\"widget\" data-widget_type=\"text-editor.default\">\n\t\t\t\t<div class=\"elementor-widget-container\">\n\t\t\t\t\t\t\t\t\t<p>Die Sanierungsfristen ergeben sich aufgrund der Radonkonzentration und der Aufenthaltszeit in den R\u00e4umen (Tabelle 4).<\/p>\t\t\t\t\t\t\t\t<\/div>\n\t\t\t\t<\/div>\n\t\t\t\t\t<\/div>\n\t\t<\/div>\n\t\t\t\t\t<\/div>\n\t\t<\/section>\n\t\t\t\t<section class=\"elementor-section elementor-top-section elementor-element elementor-element-87ca296 elementor-section-boxed elementor-section-height-default elementor-section-height-default\" data-id=\"87ca296\" data-element_type=\"section\">\n\t\t\t\t\t\t<div class=\"elementor-container elementor-column-gap-default\">\n\t\t\t\t\t<div class=\"elementor-column elementor-col-100 elementor-top-column elementor-element elementor-element-0e805c5\" data-id=\"0e805c5\" data-element_type=\"column\">\n\t\t\t<div class=\"elementor-widget-wrap elementor-element-populated\">\n\t\t\t\t\t\t<div class=\"elementor-element elementor-element-eecf607 elementor-widget elementor-widget-image\" data-id=\"eecf607\" data-element_type=\"widget\" data-widget_type=\"image.default\">\n\t\t\t\t<div class=\"elementor-widget-container\">\n\t\t\t\t\t\t\t\t\t\t\t\t\t\t\t<img fetchpriority=\"high\" decoding=\"async\" width=\"605\" height=\"333\" src=\"https:\/\/www.leuthe.ch\/wp-content\/uploads\/2022\/11\/Tabelle-4.png\" class=\"attachment-large size-large wp-image-559\" alt=\"Sanierungsfristen\" srcset=\"https:\/\/www.leuthe.ch\/wp-content\/uploads\/2022\/11\/Tabelle-4.png 605w, https:\/\/www.leuthe.ch\/wp-content\/uploads\/2022\/11\/Tabelle-4-300x165.png 300w\" sizes=\"(max-width: 605px) 100vw, 605px\" \/>\t\t\t\t\t\t\t\t\t\t\t\t\t\t\t<\/div>\n\t\t\t\t<\/div>\n\t\t\t\t\t<\/div>\n\t\t<\/div>\n\t\t\t\t\t<\/div>\n\t\t<\/section>\n\t\t\t\t<section class=\"elementor-section elementor-top-section elementor-element elementor-element-156d7e1 elementor-section-boxed elementor-section-height-default elementor-section-height-default\" data-id=\"156d7e1\" data-element_type=\"section\">\n\t\t\t\t\t\t<div class=\"elementor-container elementor-column-gap-default\">\n\t\t\t\t\t<div class=\"elementor-column elementor-col-100 elementor-top-column elementor-element elementor-element-b652d2f\" data-id=\"b652d2f\" data-element_type=\"column\">\n\t\t\t<div class=\"elementor-widget-wrap elementor-element-populated\">\n\t\t\t\t\t\t<div class=\"elementor-element elementor-element-a3a1b94 elementor-widget elementor-widget-text-editor\" data-id=\"a3a1b94\" data-element_type=\"widget\" data-widget_type=\"text-editor.default\">\n\t\t\t\t<div class=\"elementor-widget-container\">\n\t\t\t\t\t\t\t\t\t<p>Bei Umnutzung von R\u00e4umen ohne Personenaufenthalt in R\u00e4ume mit Personenaufenthalt muss eine Neubeurteilung anhand der Messwerte erfolgen. Seit der erneuerten Wegleitung (ab 2022) werden f\u00fcr Schul- und Kindergartenr\u00e4ume immer die Sanierungfristen f\u00fcr R\u00e4ume mit langem Personenaufenthalt ber\u00fccksichtigt, unabh\u00e4ngig ihrer tats\u00e4chlichen Nutzung.<\/p>\t\t\t\t\t\t\t\t<\/div>\n\t\t\t\t<\/div>\n\t\t\t\t\t<\/div>\n\t\t<\/div>\n\t\t\t\t\t<\/div>\n\t\t<\/section>\n\t\t\t\t<\/div>\n\t\t","protected":false},"excerpt":{"rendered":"<p>In den meisten Schulen und Kinderg\u00e4rten wurde bereits fr\u00fcher eine Radonmessung durchgef\u00fchrt, die sich in der Regel auf die \u00dcberpr\u00fcfung weniger R\u00e4ume beschr\u00e4nkte. Mit dem Inkrafttreten der Strahlenschutzverordnung (Auszug aus der Strahlenschutzverordnung) am 1. Januar 2018 wird eine Radonmessung an Schulen und Kinderg\u00e4rten durch eine anerkannte Messstelle durchgef\u00fchrt, die folgende Verpflichtungen hat: Einhalten des vorgeschriebenen [&hellip;]<\/p>\n","protected":false},"author":1,"featured_media":0,"parent":0,"menu_order":0,"comment_status":"closed","ping_status":"closed","template":"","meta":{"ocean_post_layout":"","ocean_both_sidebars_style":"","ocean_both_sidebars_content_width":0,"ocean_both_sidebars_sidebars_width":0,"ocean_sidebar":"0","ocean_second_sidebar":"0","ocean_disable_margins":"enable","ocean_add_body_class":"","ocean_shortcode_before_top_bar":"","ocean_shortcode_after_top_bar":"","ocean_shortcode_before_header":"","ocean_shortcode_after_header":"","ocean_has_shortcode":"","ocean_shortcode_after_title":"","ocean_shortcode_before_footer_widgets":"","ocean_shortcode_after_footer_widgets":"","ocean_shortcode_before_footer_bottom":"","ocean_shortcode_after_footer_bottom":"","ocean_display_top_bar":"default","ocean_display_header":"default","ocean_header_style":"","ocean_center_header_left_menu":"0","ocean_custom_header_template":"0","ocean_custom_logo":0,"ocean_custom_retina_logo":0,"ocean_custom_logo_max_width":0,"ocean_custom_logo_tablet_max_width":0,"ocean_custom_logo_mobile_max_width":0,"ocean_custom_logo_max_height":0,"ocean_custom_logo_tablet_max_height":0,"ocean_custom_logo_mobile_max_height":0,"ocean_header_custom_menu":"0","ocean_menu_typo_font_family":"0","ocean_menu_typo_font_subset":"","ocean_menu_typo_font_size":0,"ocean_menu_typo_font_size_tablet":0,"ocean_menu_typo_font_size_mobile":0,"ocean_menu_typo_font_size_unit":"px","ocean_menu_typo_font_weight":"","ocean_menu_typo_font_weight_tablet":"","ocean_menu_typo_font_weight_mobile":"","ocean_menu_typo_transform":"","ocean_menu_typo_transform_tablet":"","ocean_menu_typo_transform_mobile":"","ocean_menu_typo_line_height":0,"ocean_menu_typo_line_height_tablet":0,"ocean_menu_typo_line_height_mobile":0,"ocean_menu_typo_line_height_unit":"","ocean_menu_typo_spacing":0,"ocean_menu_typo_spacing_tablet":0,"ocean_menu_typo_spacing_mobile":0,"ocean_menu_typo_spacing_unit":"","ocean_menu_link_color":"","ocean_menu_link_color_hover":"","ocean_menu_link_color_active":"","ocean_menu_link_background":"","ocean_menu_link_hover_background":"","ocean_menu_link_active_background":"","ocean_menu_social_links_bg":"","ocean_menu_social_hover_links_bg":"","ocean_menu_social_links_color":"","ocean_menu_social_hover_links_color":"","ocean_disable_title":"default","ocean_disable_heading":"default","ocean_post_title":"","ocean_post_subheading":"","ocean_post_title_style":"","ocean_post_title_background_color":"","ocean_post_title_background":0,"ocean_post_title_bg_image_position":"","ocean_post_title_bg_image_attachment":"","ocean_post_title_bg_image_repeat":"","ocean_post_title_bg_image_size":"","ocean_post_title_height":0,"ocean_post_title_bg_overlay":0.5,"ocean_post_title_bg_overlay_color":"","ocean_disable_breadcrumbs":"default","ocean_breadcrumbs_color":"","ocean_breadcrumbs_separator_color":"","ocean_breadcrumbs_links_color":"","ocean_breadcrumbs_links_hover_color":"","ocean_display_footer_widgets":"default","ocean_display_footer_bottom":"default","ocean_custom_footer_template":"0","footnotes":""},"class_list":["post-221","page","type-page","status-publish","hentry","entry"],"_links":{"self":[{"href":"https:\/\/www.leuthe.ch\/index.php?rest_route=\/wp\/v2\/pages\/221","targetHints":{"allow":["GET"]}}],"collection":[{"href":"https:\/\/www.leuthe.ch\/index.php?rest_route=\/wp\/v2\/pages"}],"about":[{"href":"https:\/\/www.leuthe.ch\/index.php?rest_route=\/wp\/v2\/types\/page"}],"author":[{"embeddable":true,"href":"https:\/\/www.leuthe.ch\/index.php?rest_route=\/wp\/v2\/users\/1"}],"replies":[{"embeddable":true,"href":"https:\/\/www.leuthe.ch\/index.php?rest_route=%2Fwp%2Fv2%2Fcomments&post=221"}],"version-history":[{"count":81,"href":"https:\/\/www.leuthe.ch\/index.php?rest_route=\/wp\/v2\/pages\/221\/revisions"}],"predecessor-version":[{"id":705,"href":"https:\/\/www.leuthe.ch\/index.php?rest_route=\/wp\/v2\/pages\/221\/revisions\/705"}],"wp:attachment":[{"href":"https:\/\/www.leuthe.ch\/index.php?rest_route=%2Fwp%2Fv2%2Fmedia&parent=221"}],"curies":[{"name":"wp","href":"https:\/\/api.w.org\/{rel}","templated":true}]}}