{"id":218,"date":"2018-11-21T21:52:45","date_gmt":"2018-11-21T21:52:45","guid":{"rendered":"https:\/\/www.leuthe.ch\/?page_id=218"},"modified":"2025-02-09T11:15:34","modified_gmt":"2025-02-09T11:15:34","slug":"wohnraeume","status":"publish","type":"page","link":"https:\/\/www.leuthe.ch\/?page_id=218","title":{"rendered":"Wohnr\u00e4ume"},"content":{"rendered":"\t\t<div data-elementor-type=\"wp-post\" data-elementor-id=\"218\" class=\"elementor elementor-218\">\n\t\t\t\t\t\t<section class=\"elementor-section elementor-top-section elementor-element elementor-element-a64cdd8 elementor-section-boxed elementor-section-height-default elementor-section-height-default\" data-id=\"a64cdd8\" data-element_type=\"section\">\n\t\t\t\t\t\t<div class=\"elementor-container elementor-column-gap-default\">\n\t\t\t\t\t<div class=\"elementor-column elementor-col-100 elementor-top-column elementor-element elementor-element-d992648\" data-id=\"d992648\" data-element_type=\"column\">\n\t\t\t<div class=\"elementor-widget-wrap elementor-element-populated\">\n\t\t\t\t\t\t<div class=\"elementor-element elementor-element-ff1c43e elementor-widget elementor-widget-text-editor\" data-id=\"ff1c43e\" data-element_type=\"widget\" data-widget_type=\"text-editor.default\">\n\t\t\t\t<div class=\"elementor-widget-container\">\n\t\t\t\t\t\t\t\t\t<p>Die Dosimeter werden f\u00fcr anerkannte Radonmessungen <strong>w\u00e4hrend mindestens 90 Tagen in der Heizperiode (Oktober- M\u00e4rz)<\/strong> aufgestellt. Je l\u00e4nger, desto aussagekr\u00e4ftiger wird das Resultat der \u00fcber ein Jahr gemittelten Radonkonzentration. Soll bei Neubauten \u00fcberpr\u00fcft werden, ob radonsicher gebaut wurde, wird eine Messdauer von 1 Jahr empfohlen, um mangelhafte Ausf\u00fchrungen des Baus gegen\u00fcber dem Unternehmer fristgerecht geltend machen zu k\u00f6nnen.<\/p><p>Die Kosten f\u00fcr eine Radonmessung h\u00e4ngen von der ben\u00f6tigten St\u00fcckzahl der eingesetzten Dosimeter ab.<\/p><p>\u00dcblicherweise werden als Messorte mindestens <strong>2 getrennte Wohnr\u00e4ume mit langen Aufenthaltszeiten<\/strong> ausgew\u00e4hlt. <br \/>Die bevorzugten Messorte sind Wohnr\u00e4ume mit Erdkontakt des Fundaments bzw. der W\u00e4nde und Wohnr\u00e4ume auf dem tiefsten bewohnten Stockwerk. Zus\u00e4tzliche Messungen im Untergeschoss werden bei R\u00e4umen mit hohem Radonpotential wie z.B. einem Keller mit Naturboden empfohlen. <a href=\"https:\/\/www.leuthe.ch\/?page_id=321\" target=\"_blank\" rel=\"noopener\">Radon<\/a> wird als nat\u00fcrlich vorkommendes radioaktives Gas im Untergrund freigesetzt und kann \u00fcber undichte Stellen im Fundament ins Haus eindringen. Radon ist schwerer als Luft, so dass normalerweise die Belastung in den h\u00f6her gelegenen Stockwerken abnimmt.<\/p><p>Eine <strong>lange Aufenthaltszeit bedeutet \u00fcber 30 Stunden pro Woche<\/strong> und wird beispielsweise im Wohnzimmer, Schlafzimmer oder Kinderzimmer erreicht. Die Aufenthaltszeit bezieht sich dabei auf die Person, welche die meiste Zeit im entsprechenden Raum verbringt.<\/p><p>In Wohnr\u00e4umen d\u00fcrfen Dosimeter selbst\u00e4ndig vom Eigent\u00fcmer oder Mieter gem\u00e4ss Messanleitung (<a href=\"https:\/\/www.leuthe.ch\/wp-content\/uploads\/2018\/12\/4-Messanleitung-f\u00fcr-Wohnr\u00e4ume-LB.pdf\" target=\"_blank\" rel=\"noopener\">Messanleitung f\u00fcr Wohnr\u00e4ume<\/a>) aufgestellt werden. So entfallen kostspielige Anfahrtswege.<\/p><p>Die Messung startet mit dem Aufschneiden der luftdichten Kunststoffverpackung der Dosimeter, welche f\u00fcr die R\u00fccksendung aufbewahrt werden sollte. Die Messung endet mit dem Verpacken der Dosimeter in der Originalh\u00fclle, die mit Klebeband verschlossen wird. Das Datum des Endes der Messung wird im <a href=\"https:\/\/www.leuthe.ch\/wp-content\/uploads\/2018\/12\/1-Radonmessung-in-Wohnr\u00e4umen-LB.pdf\" target=\"_blank\" rel=\"noopener\">Formular Vorlage 1<\/a> erg\u00e4nzt. Formular und die Dosimeter werden umgehend an das Ingenieurb\u00fcro Leuthe zur\u00fcckgesendet.<\/p><p><strong>Kosten inkl. MwSt.:<\/strong><\/p><p>1 Dosimeter:\u00a0\u00a0\u00a0\u00a0\u00a0\u00a0\u00a0\u00a0\u00a0 80 CHF<br \/>2 Dosimeter:\u00a0\u00a0\u00a0\u00a0\u00a0\u00a0\u00a0 130 CHF<br \/>ab 3 Dosimeter\u00a0\u00a0\u00a0\u00a0\u00a0 55 CHF pro St\u00fcck<\/p><p>Inbegriffen sind folgende Leistungen:<\/p><ul><li>Vorhergehende telefonische Beratung zum Messablauf<\/li><li>Versand der Dosimeter<\/li><li>Brosch\u00fcre des BAG: (<a href=\"https:\/\/www.leuthe.ch\/wp-content\/uploads\/2022\/11\/5-Warnung-Radon-kann-Lungenkrebs-verursachen-2022.pdf\" target=\"_blank\" rel=\"noopener\">Warnung: Radon kann Lungenkrebs verursachen<\/a>)<\/li><li>Messprotokoll und Messanleitung (<a href=\"https:\/\/www.leuthe.ch\/wp-content\/uploads\/2018\/12\/1-Radonmessung-in-Wohnr\u00e4umen-LB.pdf\" target=\"_blank\" rel=\"noopener\">Radonmessung in Wohnr\u00e4umen)<\/a><\/li><li>Dokumentation der Messungen in der Radondatenbank<\/li><li>Erstellen eines Messberichts mit <a href=\"https:\/\/www.leuthe.ch\/wp-content\/uploads\/2018\/12\/6-Interpretation-der-Messresultate-Wohnr\u00e4ume.pdf\" target=\"_blank\" rel=\"noopener\">Interpretation der Messresultate<\/a> gem\u00e4ss <a href=\"https:\/\/www.leuthe.ch\/wp-content\/uploads\/2023\/10\/7-Wegleitung-Radon-V2.3-2023.pdf\" target=\"_blank\" rel=\"noopener\">Wegleitung Radon<\/a><\/li><\/ul><p>Lediglich die geringf\u00fcgigen Portokosten f\u00fcr das Zur\u00fccksenden der Dosimeter nach Beendigung der Messung kommen hinzu.<\/p>\t\t\t\t\t\t\t\t<\/div>\n\t\t\t\t<\/div>\n\t\t\t\t\t<\/div>\n\t\t<\/div>\n\t\t\t\t\t<\/div>\n\t\t<\/section>\n\t\t\t\t<\/div>\n\t\t","protected":false},"excerpt":{"rendered":"<p>Die Dosimeter werden f\u00fcr anerkannte Radonmessungen w\u00e4hrend mindestens 90 Tagen in der Heizperiode (Oktober- M\u00e4rz) aufgestellt. Je l\u00e4nger, desto aussagekr\u00e4ftiger wird das Resultat der \u00fcber ein Jahr gemittelten Radonkonzentration. Soll bei Neubauten \u00fcberpr\u00fcft werden, ob radonsicher gebaut wurde, wird eine Messdauer von 1 Jahr empfohlen, um mangelhafte Ausf\u00fchrungen des Baus gegen\u00fcber dem Unternehmer fristgerecht geltend [&hellip;]<\/p>\n","protected":false},"author":1,"featured_media":0,"parent":0,"menu_order":0,"comment_status":"closed","ping_status":"closed","template":"","meta":{"ocean_post_layout":"","ocean_both_sidebars_style":"","ocean_both_sidebars_content_width":0,"ocean_both_sidebars_sidebars_width":0,"ocean_sidebar":"","ocean_second_sidebar":"","ocean_disable_margins":"enable","ocean_add_body_class":"","ocean_shortcode_before_top_bar":"","ocean_shortcode_after_top_bar":"","ocean_shortcode_before_header":"","ocean_shortcode_after_header":"","ocean_has_shortcode":"","ocean_shortcode_after_title":"","ocean_shortcode_before_footer_widgets":"","ocean_shortcode_after_footer_widgets":"","ocean_shortcode_before_footer_bottom":"","ocean_shortcode_after_footer_bottom":"","ocean_display_top_bar":"default","ocean_display_header":"default","ocean_header_style":"","ocean_center_header_left_menu":"","ocean_custom_header_template":"","ocean_custom_logo":0,"ocean_custom_retina_logo":0,"ocean_custom_logo_max_width":0,"ocean_custom_logo_tablet_max_width":0,"ocean_custom_logo_mobile_max_width":0,"ocean_custom_logo_max_height":0,"ocean_custom_logo_tablet_max_height":0,"ocean_custom_logo_mobile_max_height":0,"ocean_header_custom_menu":"","ocean_menu_typo_font_family":"","ocean_menu_typo_font_subset":"","ocean_menu_typo_font_size":0,"ocean_menu_typo_font_size_tablet":0,"ocean_menu_typo_font_size_mobile":0,"ocean_menu_typo_font_size_unit":"px","ocean_menu_typo_font_weight":"","ocean_menu_typo_font_weight_tablet":"","ocean_menu_typo_font_weight_mobile":"","ocean_menu_typo_transform":"","ocean_menu_typo_transform_tablet":"","ocean_menu_typo_transform_mobile":"","ocean_menu_typo_line_height":0,"ocean_menu_typo_line_height_tablet":0,"ocean_menu_typo_line_height_mobile":0,"ocean_menu_typo_line_height_unit":"","ocean_menu_typo_spacing":0,"ocean_menu_typo_spacing_tablet":0,"ocean_menu_typo_spacing_mobile":0,"ocean_menu_typo_spacing_unit":"","ocean_menu_link_color":"","ocean_menu_link_color_hover":"","ocean_menu_link_color_active":"","ocean_menu_link_background":"","ocean_menu_link_hover_background":"","ocean_menu_link_active_background":"","ocean_menu_social_links_bg":"","ocean_menu_social_hover_links_bg":"","ocean_menu_social_links_color":"","ocean_menu_social_hover_links_color":"","ocean_disable_title":"default","ocean_disable_heading":"default","ocean_post_title":"","ocean_post_subheading":"","ocean_post_title_style":"","ocean_post_title_background_color":"","ocean_post_title_background":0,"ocean_post_title_bg_image_position":"","ocean_post_title_bg_image_attachment":"","ocean_post_title_bg_image_repeat":"","ocean_post_title_bg_image_size":"","ocean_post_title_height":0,"ocean_post_title_bg_overlay":0.5,"ocean_post_title_bg_overlay_color":"","ocean_disable_breadcrumbs":"default","ocean_breadcrumbs_color":"","ocean_breadcrumbs_separator_color":"","ocean_breadcrumbs_links_color":"","ocean_breadcrumbs_links_hover_color":"","ocean_display_footer_widgets":"default","ocean_display_footer_bottom":"default","ocean_custom_footer_template":"","footnotes":""},"class_list":["post-218","page","type-page","status-publish","hentry","entry"],"_links":{"self":[{"href":"https:\/\/www.leuthe.ch\/index.php?rest_route=\/wp\/v2\/pages\/218","targetHints":{"allow":["GET"]}}],"collection":[{"href":"https:\/\/www.leuthe.ch\/index.php?rest_route=\/wp\/v2\/pages"}],"about":[{"href":"https:\/\/www.leuthe.ch\/index.php?rest_route=\/wp\/v2\/types\/page"}],"author":[{"embeddable":true,"href":"https:\/\/www.leuthe.ch\/index.php?rest_route=\/wp\/v2\/users\/1"}],"replies":[{"embeddable":true,"href":"https:\/\/www.leuthe.ch\/index.php?rest_route=%2Fwp%2Fv2%2Fcomments&post=218"}],"version-history":[{"count":41,"href":"https:\/\/www.leuthe.ch\/index.php?rest_route=\/wp\/v2\/pages\/218\/revisions"}],"predecessor-version":[{"id":713,"href":"https:\/\/www.leuthe.ch\/index.php?rest_route=\/wp\/v2\/pages\/218\/revisions\/713"}],"wp:attachment":[{"href":"https:\/\/www.leuthe.ch\/index.php?rest_route=%2Fwp%2Fv2%2Fmedia&parent=218"}],"curies":[{"name":"wp","href":"https:\/\/api.w.org\/{rel}","templated":true}]}}